{"id":11,"date":"2020-04-03T16:25:03","date_gmt":"2020-04-03T14:25:03","guid":{"rendered":"https:\/\/mokrzyszow.pl\/?page_id=11"},"modified":"2020-04-27T19:01:50","modified_gmt":"2020-04-27T17:01:50","slug":"strona-glowna","status":"publish","type":"page","link":"https:\/\/mokrzyszow.pl\/?page_id=11","title":{"rendered":"Grupy parafialne"},"content":{"rendered":"\t\t<div data-elementor-type=\"wp-page\" data-elementor-id=\"11\" class=\"elementor elementor-11\">\n\t\t\t\t\t\t<section class=\"elementor-section elementor-top-section elementor-element elementor-element-0ef1b35 elementor-section-boxed elementor-section-height-default elementor-section-height-default\" data-id=\"0ef1b35\" data-element_type=\"section\">\n\t\t\t\t\t\t<div class=\"elementor-container elementor-column-gap-default\">\n\t\t\t\t\t<div class=\"elementor-column elementor-col-100 elementor-top-column elementor-element elementor-element-5538e84\" data-id=\"5538e84\" data-element_type=\"column\">\n\t\t\t<div class=\"elementor-widget-wrap elementor-element-populated\">\n\t\t\t\t\t\t<div class=\"elementor-element elementor-element-4d68002 elementor-button-info elementor-align-justify animated-slow elementor-invisible elementor-widget elementor-widget-button\" data-id=\"4d68002\" data-element_type=\"widget\" data-settings=\"{&quot;_animation&quot;:&quot;fadeIn&quot;}\" data-widget_type=\"button.default\">\n\t\t\t\t<div class=\"elementor-widget-container\">\n\t\t\t\t\t\t\t\t\t<div class=\"elementor-button-wrapper\">\n\t\t\t\t\t<a class=\"elementor-button elementor-button-link elementor-size-md elementor-animation-bob\" href=\"https:\/\/mokrzyszow.pl\/?page_id=664\">\n\t\t\t\t\t\t<span class=\"elementor-button-content-wrapper\">\n\t\t\t\t\t\t<span class=\"elementor-button-icon\">\n\t\t\t\t<i aria-hidden=\"true\" class=\"fas fa-home\"><\/i>\t\t\t<\/span>\n\t\t\t\t\t\t\t\t\t<span class=\"elementor-button-text\">Dom Pomocy Spo\u0142ecznej w Mokrzyszowie<\/span>\n\t\t\t\t\t<\/span>\n\t\t\t\t\t<\/a>\n\t\t\t\t<\/div>\n\t\t\t\t\t\t\t\t<\/div>\n\t\t\t\t<\/div>\n\t\t\t\t<div class=\"elementor-element elementor-element-336525d elementor-button-info elementor-align-justify animated-slow elementor-invisible elementor-widget elementor-widget-button\" data-id=\"336525d\" data-element_type=\"widget\" data-settings=\"{&quot;_animation&quot;:&quot;fadeIn&quot;}\" data-widget_type=\"button.default\">\n\t\t\t\t<div class=\"elementor-widget-container\">\n\t\t\t\t\t\t\t\t\t<div class=\"elementor-button-wrapper\">\n\t\t\t\t\t<a class=\"elementor-button elementor-button-link elementor-size-md elementor-animation-bob\" href=\"https:\/\/mokrzyszow.pl\/?page_id=894\">\n\t\t\t\t\t\t<span class=\"elementor-button-content-wrapper\">\n\t\t\t\t\t\t<span class=\"elementor-button-icon\">\n\t\t\t\t<i aria-hidden=\"true\" class=\"fab fa-medium-m\"><\/i>\t\t\t<\/span>\n\t\t\t\t\t\t\t\t\t<span class=\"elementor-button-text\">Dziewcz\u0119ca S\u0142u\u017cba Maryjna<\/span>\n\t\t\t\t\t<\/span>\n\t\t\t\t\t<\/a>\n\t\t\t\t<\/div>\n\t\t\t\t\t\t\t\t<\/div>\n\t\t\t\t<\/div>\n\t\t\t\t<div class=\"elementor-element elementor-element-627a1b0 elementor-button-info elementor-align-justify animated-slow elementor-invisible elementor-widget elementor-widget-button\" data-id=\"627a1b0\" data-element_type=\"widget\" data-settings=\"{&quot;_animation&quot;:&quot;fadeIn&quot;}\" data-widget_type=\"button.default\">\n\t\t\t\t<div class=\"elementor-widget-container\">\n\t\t\t\t\t\t\t\t\t<div class=\"elementor-button-wrapper\">\n\t\t\t\t\t<a class=\"elementor-button elementor-button-link elementor-size-md elementor-animation-bob\" href=\"https:\/\/mokrzyszow.pl\/?page_id=159\">\n\t\t\t\t\t\t<span class=\"elementor-button-content-wrapper\">\n\t\t\t\t\t\t<span class=\"elementor-button-icon\">\n\t\t\t\t<svg xmlns=\"http:\/\/www.w3.org\/2000\/svg\" xmlns:xlink=\"http:\/\/www.w3.org\/1999\/xlink\" id=\"Capa_1\" x=\"0px\" y=\"0px\" viewBox=\"0 0 241.01 241.01\" style=\"enable-background:new 0 0 241.01 241.01;\" xml:space=\"preserve\"><g>\t<path d=\"M193.803,89.783h-46.596c-4.143,0-7.5,3.358-7.5,7.5V233.51c0,4.142,3.357,7.5,7.5,7.5h46.596c4.143,0,7.5-3.358,7.5-7.5   V97.283C201.303,93.141,197.945,89.783,193.803,89.783z M186.303,226.01h-31.596V104.783h31.596V226.01z\"><\/path>\t<path d=\"M170.506,84.893c16.981,0,30.797-13.815,30.797-30.797c0-14.473-20.514-44.905-24.626-50.858   C175.276,1.211,172.97,0,170.506,0c-2.464,0-4.771,1.211-6.171,3.237c-4.112,5.954-24.628,36.386-24.628,50.858   C139.707,71.077,153.523,84.893,170.506,84.893z M170.506,21.146c8.399,13.379,15.797,27.72,15.797,32.95   c0,8.71-7.087,15.797-15.797,15.797c-8.712,0-15.799-7.086-15.799-15.797C154.707,48.866,162.105,34.525,170.506,21.146z\"><\/path>\t<path d=\"M113.803,119.783H47.207c-4.143,0-7.5,3.358-7.5,7.5V233.51c0,4.142,3.357,7.5,7.5,7.5h66.596c4.142,0,7.5-3.358,7.5-7.5   V127.283C121.303,123.141,117.945,119.783,113.803,119.783z M106.303,226.01H54.707v-91.227h51.596V226.01z\"><\/path>\t<path d=\"M80.506,114.893c16.981,0,30.797-13.815,30.797-30.797c0-14.473-20.514-44.905-24.626-50.858   C85.276,31.211,82.97,30,80.506,30c-2.464,0-4.771,1.211-6.171,3.237c-4.112,5.954-24.628,36.386-24.628,50.858   C49.707,101.077,63.523,114.893,80.506,114.893z M80.506,51.146c8.399,13.379,15.797,27.72,15.797,32.95   c0,8.71-7.087,15.797-15.797,15.797c-8.712,0-15.799-7.086-15.799-15.797C64.707,78.866,72.105,64.525,80.506,51.146z\"><\/path><\/g><g><\/g><g><\/g><g><\/g><g><\/g><g><\/g><g><\/g><g><\/g><g><\/g><g><\/g><g><\/g><g><\/g><g><\/g><g><\/g><g><\/g><g><\/g><\/svg>\t\t\t<\/span>\n\t\t\t\t\t\t\t\t\t<span class=\"elementor-button-text\">Ministranci<\/span>\n\t\t\t\t\t<\/span>\n\t\t\t\t\t<\/a>\n\t\t\t\t<\/div>\n\t\t\t\t\t\t\t\t<\/div>\n\t\t\t\t<\/div>\n\t\t\t\t<div class=\"elementor-element elementor-element-95aab4c elementor-button-info elementor-align-justify animated-slow elementor-invisible elementor-widget elementor-widget-button\" data-id=\"95aab4c\" data-element_type=\"widget\" data-settings=\"{&quot;_animation&quot;:&quot;fadeIn&quot;}\" data-widget_type=\"button.default\">\n\t\t\t\t<div class=\"elementor-widget-container\">\n\t\t\t\t\t\t\t\t\t<div class=\"elementor-button-wrapper\">\n\t\t\t\t\t<a class=\"elementor-button elementor-button-link elementor-size-md elementor-animation-bob\" href=\"https:\/\/mokrzyszow.pl\/?page_id=162\">\n\t\t\t\t\t\t<span class=\"elementor-button-content-wrapper\">\n\t\t\t\t\t\t<span class=\"elementor-button-icon\">\n\t\t\t\t<svg xmlns=\"http:\/\/www.w3.org\/2000\/svg\" xmlns:xlink=\"http:\/\/www.w3.org\/1999\/xlink\" id=\"Capa_1\" x=\"0px\" y=\"0px\" viewBox=\"0 0 466 466\" style=\"enable-background:new 0 0 466 466;\" xml:space=\"preserve\"><g>\t<path d=\"M146.861,152.98c-6.058,0-10.986,4.929-10.986,11.014c0,6.058,4.929,10.986,10.986,10.986s10.986-4.928,10.986-11.013   C157.848,157.909,152.919,152.98,146.861,152.98z\"><\/path>\t<path d=\"M126.703,136.39c-6.058,0-10.986,4.928-10.986,11.014c0,6.058,4.929,10.986,10.986,10.986s10.986-4.928,10.986-11.014   C137.689,141.318,132.761,136.39,126.703,136.39z\"><\/path>\t<path d=\"M179.289,178.826c0-6.058-4.929-10.986-10.986-10.986s-10.986,4.928-10.986,11.014c0,6.058,4.929,10.986,10.986,10.986   S179.289,184.911,179.289,178.826z\"><\/path>\t<path d=\"M102.726,108.812c0-6.058-4.929-10.986-10.986-10.986s-10.986,4.928-10.986,11.013c0,6.058,4.929,10.987,10.986,10.987   S102.726,114.896,102.726,108.812z\"><\/path>\t<path d=\"M88.682,86.816c0-6.058-4.929-10.986-10.986-10.986s-10.986,4.928-10.986,11.014c0,6.058,4.929,10.986,10.986,10.986   S88.682,92.901,88.682,86.816z\"><\/path>\t<path d=\"M77.601,63.216c0-6.058-4.929-10.986-10.986-10.986s-10.986,4.928-10.986,11.014c0,6.058,4.929,10.986,10.986,10.986   S77.601,69.302,77.601,63.216z\"><\/path>\t<path d=\"M190.762,203.054c6.058,0,10.986-4.928,10.986-11.014c0-6.058-4.929-10.986-10.986-10.986   c-6.059,0-10.987,4.928-10.987,11.014C179.774,198.125,184.703,203.054,190.762,203.054z\"><\/path>\t<path d=\"M119.185,129c0-6.058-4.929-10.987-10.987-10.987c-6.058,0-10.986,4.929-10.986,11.014c0,6.058,4.929,10.986,10.986,10.986   C114.256,140.013,119.185,135.084,119.185,129z\"><\/path>\t<path d=\"M319.139,152.98c-6.058,0-10.986,4.929-10.986,11.014c0,6.058,4.929,10.986,10.986,10.986s10.986-4.928,10.986-11.013   C330.125,157.909,325.196,152.98,319.139,152.98z\"><\/path>\t<path d=\"M339.297,136.39c-6.058,0-10.986,4.928-10.986,11.014c0,6.058,4.929,10.986,10.986,10.986s10.986-4.928,10.986-11.014   C350.283,141.318,345.354,136.39,339.297,136.39z\"><\/path>\t<path d=\"M297.697,167.839c-6.058,0-10.986,4.928-10.986,11.014c0,6.058,4.929,10.986,10.986,10.986s10.986-4.928,10.986-11.014   C308.684,172.768,303.755,167.839,297.697,167.839z\"><\/path>\t<path d=\"M374.261,97.825c-6.058,0-10.986,4.928-10.986,11.013c0,6.058,4.929,10.987,10.986,10.987s10.986-4.929,10.986-11.014   C385.247,102.753,380.318,97.825,374.261,97.825z\"><\/path>\t<path d=\"M388.305,75.83c-6.058,0-10.986,4.928-10.986,11.014c0,6.058,4.929,10.986,10.986,10.986s10.986-4.928,10.986-11.014   C399.291,80.758,394.362,75.83,388.305,75.83z\"><\/path>\t<path d=\"M399.386,52.23c-6.058,0-10.986,4.928-10.986,11.014c0,6.058,4.929,10.986,10.986,10.986s10.986-4.928,10.986-11.014   C410.372,57.158,405.443,52.23,399.386,52.23z\"><\/path>\t<path d=\"M275.238,203.054c6.059,0,10.987-4.928,10.987-11.014c0-6.058-4.929-10.986-10.987-10.986   c-6.058,0-10.986,4.928-10.986,11.014C264.252,198.125,269.181,203.054,275.238,203.054z\"><\/path>\t<path d=\"M357.803,118.013c-6.059,0-10.987,4.929-10.987,11.014c0,6.058,4.929,10.986,10.987,10.986   c6.058,0,10.986-4.928,10.986-11.013C368.789,122.941,363.86,118.013,357.803,118.013z\"><\/path>\t<path d=\"M233,244.586c-6.058,0-10.986,4.928-10.986,11.014c0,6.058,4.929,10.986,10.986,10.986s10.986-4.928,10.986-11.014   C243.986,249.515,239.058,244.586,233,244.586z\"><\/path>\t<path d=\"M233,270.173c-6.058,0-10.986,4.928-10.986,11.013c0,6.058,4.929,10.987,10.986,10.987s10.986-4.929,10.986-11.014   C243.986,275.102,239.058,270.173,233,270.173z\"><\/path>\t<path d=\"M282.094,329.799h-29.165v-26.04c0-4.418-3.582-8-8-8h-23.857c-4.418,0-8,3.582-8,8v26.04h-29.165c-4.418,0-8,3.582-8,8   v23.857c0,4.418,3.582,8,8,8h29.165V458c0,4.418,3.582,8,8,8h23.857c4.418,0,8-3.582,8-8v-88.343h29.165c4.418,0,8-3.582,8-8   v-23.857C290.094,333.381,286.512,329.799,282.094,329.799z M274.094,353.657h-29.165c-4.418,0-8,3.582-8,8V450h-7.857v-88.343   c0-4.418-3.582-8-8-8h-29.165v-7.857h29.165c4.418,0,8-3.582,8-8v-26.04h7.857v26.04c0,4.418,3.582,8,8,8h29.165V353.657z\"><\/path>\t<path d=\"M233,241c16.91,0,30.668-13.758,30.668-30.668S249.91,179.664,233,179.664s-30.668,13.758-30.668,30.668   S216.09,241,233,241z M233,195.664c8.088,0,14.668,6.58,14.668,14.668S241.088,225,233,225s-14.668-6.58-14.668-14.668   S224.912,195.664,233,195.664z\"><\/path>\t<path d=\"M83.903,24.737C83.903,11.097,72.807,0,59.167,0C45.526,0,34.43,11.097,34.43,24.737s11.097,24.737,24.737,24.737   C72.807,49.474,83.903,38.377,83.903,24.737z M50.43,24.737c0-4.817,3.92-8.737,8.737-8.737s8.736,3.919,8.736,8.737   s-3.919,8.737-8.736,8.737S50.43,29.554,50.43,24.737z\"><\/path>\t<path d=\"M406.833,0c-13.64,0-24.736,11.097-24.736,24.737s11.097,24.737,24.736,24.737c13.641,0,24.737-11.097,24.737-24.737   S420.474,0,406.833,0z M406.833,33.474c-4.817,0-8.736-3.919-8.736-8.737S402.016,16,406.833,16s8.737,3.919,8.737,8.737   S411.65,33.474,406.833,33.474z\"><\/path><\/g><g><\/g><g><\/g><g><\/g><g><\/g><g><\/g><g><\/g><g><\/g><g><\/g><g><\/g><g><\/g><g><\/g><g><\/g><g><\/g><g><\/g><g><\/g><\/svg>\t\t\t<\/span>\n\t\t\t\t\t\t\t\t\t<span class=\"elementor-button-text\">R\u00f3\u017ce R\u00f3\u017ca\u0144cowe<\/span>\n\t\t\t\t\t<\/span>\n\t\t\t\t\t<\/a>\n\t\t\t\t<\/div>\n\t\t\t\t\t\t\t\t<\/div>\n\t\t\t\t<\/div>\n\t\t\t\t<div class=\"elementor-element elementor-element-2021378 elementor-button-info elementor-align-justify animated-slow elementor-invisible elementor-widget elementor-widget-button\" data-id=\"2021378\" data-element_type=\"widget\" data-settings=\"{&quot;_animation&quot;:&quot;fadeIn&quot;}\" data-widget_type=\"button.default\">\n\t\t\t\t<div class=\"elementor-widget-container\">\n\t\t\t\t\t\t\t\t\t<div class=\"elementor-button-wrapper\">\n\t\t\t\t\t<a class=\"elementor-button elementor-button-link elementor-size-md elementor-animation-bob\" href=\"https:\/\/mokrzyszow.pl\/?page_id=318\">\n\t\t\t\t\t\t<span class=\"elementor-button-content-wrapper\">\n\t\t\t\t\t\t<span class=\"elementor-button-icon\">\n\t\t\t\t<svg xmlns=\"http:\/\/www.w3.org\/2000\/svg\" xmlns:xlink=\"http:\/\/www.w3.org\/1999\/xlink\" id=\"Capa_1\" x=\"0px\" y=\"0px\" viewBox=\"0 0 460 460\" style=\"enable-background:new 0 0 460 460;\" xml:space=\"preserve\"><g>\t<path style=\"fill:#EA6453;\" d=\"M229.365,420c-71.069-0.005-129.101-57.827-129.364-128.896h40.002   c0.262,49.027,40.319,88.893,89.362,88.896H230V0c0,0-107.053,145.323-136.146,189.029   c-19.727,29.637-33.994,63.876-33.853,102.222C60.347,384.793,136.458,460.344,230,459.999V420H229.365z\"><\/path>\t<path style=\"fill:#FFFFFF;\" d=\"M229.365,380c-49.043-0.003-89.1-39.868-89.362-88.896h-40.002   c0.263,71.068,58.295,128.891,129.364,128.896h1.272v-40H229.365z\"><\/path>\t<path style=\"fill:#EF1F4B;\" d=\"M366.146,189.029C345.168,157.514,230,0,230,0v459.999c93.542,0.345,169.654-75.206,169.999-168.748   C400.14,252.905,385.873,218.666,366.146,189.029z\"><\/path><\/g><g><\/g><g><\/g><g><\/g><g><\/g><g><\/g><g><\/g><g><\/g><g><\/g><g><\/g><g><\/g><g><\/g><g><\/g><g><\/g><g><\/g><g><\/g><\/svg>\t\t\t<\/span>\n\t\t\t\t\t\t\t\t\t<span class=\"elementor-button-text\">Stowarzyszenie Krwi Chrystusa<\/span>\n\t\t\t\t\t<\/span>\n\t\t\t\t\t<\/a>\n\t\t\t\t<\/div>\n\t\t\t\t\t\t\t\t<\/div>\n\t\t\t\t<\/div>\n\t\t\t\t\t<\/div>\n\t\t<\/div>\n\t\t\t\t\t<\/div>\n\t\t<\/section>\n\t\t\t\t<\/div>\n\t\t","protected":false},"excerpt":{"rendered":"<p>Dom Pomocy Spo\u0142ecznej w Mokrzyszowie Dziewcz\u0119ca S\u0142u\u017cba Maryjna Ministranci R\u00f3\u017ce R\u00f3\u017ca\u0144cowe Stowarzyszenie Krwi Chrystusa<\/p>\n","protected":false},"author":3,"featured_media":0,"parent":0,"menu_order":0,"comment_status":"closed","ping_status":"closed","template":"","meta":{"footnotes":""},"class_list":["post-11","page","type-page","status-publish","hentry"],"yoast_head":"<!-- This site is optimized with the Yoast SEO plugin v25.8 - https:\/\/yoast.com\/wordpress\/plugins\/seo\/ -->\n<title>Grupy parafialne - Ja jestem dobrym pasterzem i znam owce moje, a moje Mnie znaj\u0105.<\/title>\n<meta name=\"robots\" content=\"index, follow, max-snippet:-1, max-image-preview:large, max-video-preview:-1\" \/>\n<link rel=\"canonical\" href=\"https:\/\/mokrzyszow.pl\/?page_id=11\" \/>\n<meta property=\"og:locale\" content=\"pl_PL\" \/>\n<meta property=\"og:type\" content=\"article\" \/>\n<meta property=\"og:title\" content=\"Grupy parafialne - Ja jestem dobrym pasterzem i znam owce moje, a moje Mnie znaj\u0105.\" \/>\n<meta property=\"og:description\" content=\"Dom Pomocy Spo\u0142ecznej w Mokrzyszowie Dziewcz\u0119ca S\u0142u\u017cba Maryjna Ministranci R\u00f3\u017ce R\u00f3\u017ca\u0144cowe Stowarzyszenie Krwi Chrystusa\" \/>\n<meta property=\"og:url\" content=\"https:\/\/mokrzyszow.pl\/?page_id=11\" \/>\n<meta property=\"og:site_name\" content=\"Ja jestem dobrym pasterzem i znam owce moje, a moje Mnie znaj\u0105.\" \/>\n<meta property=\"article:publisher\" content=\"https:\/\/www.facebook.com\/Parafia-Chrystusa-Dobrego-Pasterza-Tarnobrzegu-Mokrzyszowie-1861837690609136\/\" \/>\n<meta property=\"article:modified_time\" content=\"2020-04-27T17:01:50+00:00\" \/>\n<meta name=\"twitter:card\" content=\"summary_large_image\" \/>\n<script type=\"application\/ld+json\" class=\"yoast-schema-graph\">{\"@context\":\"https:\/\/schema.org\",\"@graph\":[{\"@type\":\"WebPage\",\"@id\":\"https:\/\/mokrzyszow.pl\/?page_id=11\",\"url\":\"https:\/\/mokrzyszow.pl\/?page_id=11\",\"name\":\"Grupy parafialne - Ja jestem dobrym pasterzem i znam owce moje, a moje Mnie znaj\u0105.\",\"isPartOf\":{\"@id\":\"https:\/\/mokrzyszow.pl\/#website\"},\"datePublished\":\"2020-04-03T14:25:03+00:00\",\"dateModified\":\"2020-04-27T17:01:50+00:00\",\"breadcrumb\":{\"@id\":\"https:\/\/mokrzyszow.pl\/?page_id=11#breadcrumb\"},\"inLanguage\":\"pl-PL\",\"potentialAction\":[{\"@type\":\"ReadAction\",\"target\":[\"https:\/\/mokrzyszow.pl\/?page_id=11\"]}]},{\"@type\":\"BreadcrumbList\",\"@id\":\"https:\/\/mokrzyszow.pl\/?page_id=11#breadcrumb\",\"itemListElement\":[{\"@type\":\"ListItem\",\"position\":1,\"name\":\"Home\",\"item\":\"https:\/\/mokrzyszow.pl\/\"},{\"@type\":\"ListItem\",\"position\":2,\"name\":\"Grupy parafialne\"}]},{\"@type\":\"WebSite\",\"@id\":\"https:\/\/mokrzyszow.pl\/#website\",\"url\":\"https:\/\/mokrzyszow.pl\/\",\"name\":\"Parafia Chrystusa Dobrego Pasterza\",\"description\":\"Parafia Chrystusa Dobrego Pasterza w Mokrzyszowie\",\"potentialAction\":[{\"@type\":\"SearchAction\",\"target\":{\"@type\":\"EntryPoint\",\"urlTemplate\":\"https:\/\/mokrzyszow.pl\/?s={search_term_string}\"},\"query-input\":{\"@type\":\"PropertyValueSpecification\",\"valueRequired\":true,\"valueName\":\"search_term_string\"}}],\"inLanguage\":\"pl-PL\"}]}<\/script>\n<!-- \/ Yoast SEO plugin. -->","yoast_head_json":{"title":"Grupy parafialne - Ja jestem dobrym pasterzem i znam owce moje, a moje Mnie znaj\u0105.","robots":{"index":"index","follow":"follow","max-snippet":"max-snippet:-1","max-image-preview":"max-image-preview:large","max-video-preview":"max-video-preview:-1"},"canonical":"https:\/\/mokrzyszow.pl\/?page_id=11","og_locale":"pl_PL","og_type":"article","og_title":"Grupy parafialne - Ja jestem dobrym pasterzem i znam owce moje, a moje Mnie znaj\u0105.","og_description":"Dom Pomocy Spo\u0142ecznej w Mokrzyszowie Dziewcz\u0119ca S\u0142u\u017cba Maryjna Ministranci R\u00f3\u017ce R\u00f3\u017ca\u0144cowe Stowarzyszenie Krwi Chrystusa","og_url":"https:\/\/mokrzyszow.pl\/?page_id=11","og_site_name":"Ja jestem dobrym pasterzem i znam owce moje, a moje Mnie znaj\u0105.","article_publisher":"https:\/\/www.facebook.com\/Parafia-Chrystusa-Dobrego-Pasterza-Tarnobrzegu-Mokrzyszowie-1861837690609136\/","article_modified_time":"2020-04-27T17:01:50+00:00","twitter_card":"summary_large_image","schema":{"@context":"https:\/\/schema.org","@graph":[{"@type":"WebPage","@id":"https:\/\/mokrzyszow.pl\/?page_id=11","url":"https:\/\/mokrzyszow.pl\/?page_id=11","name":"Grupy parafialne - Ja jestem dobrym pasterzem i znam owce moje, a moje Mnie znaj\u0105.","isPartOf":{"@id":"https:\/\/mokrzyszow.pl\/#website"},"datePublished":"2020-04-03T14:25:03+00:00","dateModified":"2020-04-27T17:01:50+00:00","breadcrumb":{"@id":"https:\/\/mokrzyszow.pl\/?page_id=11#breadcrumb"},"inLanguage":"pl-PL","potentialAction":[{"@type":"ReadAction","target":["https:\/\/mokrzyszow.pl\/?page_id=11"]}]},{"@type":"BreadcrumbList","@id":"https:\/\/mokrzyszow.pl\/?page_id=11#breadcrumb","itemListElement":[{"@type":"ListItem","position":1,"name":"Home","item":"https:\/\/mokrzyszow.pl\/"},{"@type":"ListItem","position":2,"name":"Grupy parafialne"}]},{"@type":"WebSite","@id":"https:\/\/mokrzyszow.pl\/#website","url":"https:\/\/mokrzyszow.pl\/","name":"Parafia Chrystusa Dobrego Pasterza","description":"Parafia Chrystusa Dobrego Pasterza w Mokrzyszowie","potentialAction":[{"@type":"SearchAction","target":{"@type":"EntryPoint","urlTemplate":"https:\/\/mokrzyszow.pl\/?s={search_term_string}"},"query-input":{"@type":"PropertyValueSpecification","valueRequired":true,"valueName":"search_term_string"}}],"inLanguage":"pl-PL"}]}},"_links":{"self":[{"href":"https:\/\/mokrzyszow.pl\/index.php?rest_route=\/wp\/v2\/pages\/11","targetHints":{"allow":["GET"]}}],"collection":[{"href":"https:\/\/mokrzyszow.pl\/index.php?rest_route=\/wp\/v2\/pages"}],"about":[{"href":"https:\/\/mokrzyszow.pl\/index.php?rest_route=\/wp\/v2\/types\/page"}],"author":[{"embeddable":true,"href":"https:\/\/mokrzyszow.pl\/index.php?rest_route=\/wp\/v2\/users\/3"}],"replies":[{"embeddable":true,"href":"https:\/\/mokrzyszow.pl\/index.php?rest_route=%2Fwp%2Fv2%2Fcomments&post=11"}],"version-history":[{"count":23,"href":"https:\/\/mokrzyszow.pl\/index.php?rest_route=\/wp\/v2\/pages\/11\/revisions"}],"predecessor-version":[{"id":947,"href":"https:\/\/mokrzyszow.pl\/index.php?rest_route=\/wp\/v2\/pages\/11\/revisions\/947"}],"wp:attachment":[{"href":"https:\/\/mokrzyszow.pl\/index.php?rest_route=%2Fwp%2Fv2%2Fmedia&parent=11"}],"curies":[{"name":"wp","href":"https:\/\/api.w.org\/{rel}","templated":true}]}}