{"id":13,"date":"2020-04-03T16:25:03","date_gmt":"2020-04-03T14:25:03","guid":{"rendered":"https:\/\/mokrzyszow.pl\/?page_id=13"},"modified":"2020-04-04T17:28:12","modified_gmt":"2020-04-04T15:28:12","slug":"kontakt","status":"publish","type":"page","link":"https:\/\/mokrzyszow.pl\/?page_id=13","title":{"rendered":"Kontakt"},"content":{"rendered":"\n<p><strong><span style=\"color:#9b0576\" class=\"has-inline-color\">Parafia Chrystusa Dobrego Pasterza w Tarnobrzegu &#8211; Mokrzyszowie<\/span><\/strong><\/p>\n\n\n\n<p><strong>Adres:<\/strong><br>ul.&nbsp;Sienkiewicza 213 <br>39-400 Tarnobrzeg<br>Tel.&nbsp;15 823 60 46 <\/p>\n\n\n\n<p><strong>Nr konta parafialnego:<\/strong><br>31 1240 2744 1111 0010 7934 0846*<\/p>\n\n\n\n<p>*przy wp\u0142acie na konto prosimy o wype\u0142nienie pola tytu\u0142em jako &#8222;ofiara na cele kultu religijnego&#8221; aby mo\u017cna by\u0142o odliczy\u0107 t\u0119 darowizn\u0119 od dochodu   w kwocie stanowi\u0105cej do 6% dochodu podatnika.<\/p>\n\n\n\n<p><strong>Napisz do nas<\/strong><\/p>\n\n\n\n\n<div class=\"wpcf7 no-js\" id=\"wpcf7-f56-o1\" lang=\"pl-PL\" dir=\"ltr\" data-wpcf7-id=\"56\">\n<div class=\"screen-reader-response\"><p role=\"status\" aria-live=\"polite\" aria-atomic=\"true\"><\/p> <ul><\/ul><\/div>\n<form action=\"\/index.php?rest_route=%2Fwp%2Fv2%2Fpages%2F13#wpcf7-f56-o1\" method=\"post\" class=\"wpcf7-form init\" aria-label=\"Formularz kontaktowy\" novalidate=\"novalidate\" data-status=\"init\">\n<fieldset class=\"hidden-fields-container\"><input type=\"hidden\" name=\"_wpcf7\" value=\"56\" \/><input type=\"hidden\" name=\"_wpcf7_version\" value=\"6.1.1\" \/><input type=\"hidden\" name=\"_wpcf7_locale\" value=\"pl_PL\" \/><input type=\"hidden\" name=\"_wpcf7_unit_tag\" value=\"wpcf7-f56-o1\" \/><input type=\"hidden\" name=\"_wpcf7_container_post\" value=\"0\" \/><input type=\"hidden\" name=\"_wpcf7_posted_data_hash\" value=\"\" \/><input type=\"hidden\" name=\"_wpcf7_recaptcha_response\" value=\"\" \/>\n<\/fieldset>\n<p><label> Imi\u0119 i nazwisko (wymagane)<br \/>\n<span class=\"wpcf7-form-control-wrap\" data-name=\"your-name\"><input size=\"40\" maxlength=\"400\" class=\"wpcf7-form-control wpcf7-text wpcf7-validates-as-required\" aria-required=\"true\" aria-invalid=\"false\" value=\"\" type=\"text\" name=\"your-name\" \/><\/span> <\/label>\n<\/p>\n<p><label> Adres email (wymagane)<br \/>\n<span class=\"wpcf7-form-control-wrap\" data-name=\"your-email\"><input size=\"40\" maxlength=\"400\" class=\"wpcf7-form-control wpcf7-email wpcf7-validates-as-required wpcf7-text wpcf7-validates-as-email\" aria-required=\"true\" aria-invalid=\"false\" value=\"\" type=\"email\" name=\"your-email\" \/><\/span> <\/label>\n<\/p>\n<p><label> Temat<br \/>\n<span class=\"wpcf7-form-control-wrap\" data-name=\"your-subject\"><input size=\"40\" maxlength=\"400\" class=\"wpcf7-form-control wpcf7-text\" aria-invalid=\"false\" value=\"\" type=\"text\" name=\"your-subject\" \/><\/span> <\/label>\n<\/p>\n<p><label> Tre\u015b\u0107 wiadomo\u015bci<br \/>\n<span class=\"wpcf7-form-control-wrap\" data-name=\"your-message\"><textarea cols=\"40\" rows=\"10\" maxlength=\"2000\" class=\"wpcf7-form-control wpcf7-textarea\" aria-invalid=\"false\" name=\"your-message\"><\/textarea><\/span> <\/label>\n<\/p>\n<p><input class=\"wpcf7-form-control wpcf7-submit has-spinner\" type=\"submit\" value=\"Wy\u015blij\" \/>\n<\/p><p style=\"display: none !important;\" class=\"akismet-fields-container\" data-prefix=\"_wpcf7_ak_\"><label>&#916;<textarea name=\"_wpcf7_ak_hp_textarea\" cols=\"45\" rows=\"8\" maxlength=\"100\"><\/textarea><\/label><input type=\"hidden\" id=\"ak_js_1\" name=\"_wpcf7_ak_js\" value=\"234\"\/><script>document.getElementById( \"ak_js_1\" ).setAttribute( \"value\", ( new Date() ).getTime() );<\/script><\/p><div class=\"wpcf7-response-output\" aria-hidden=\"true\"><\/div>\n<\/form>\n<\/div>\n\n\n\n\n<div id=\"wpgmza_map\" class=\"wpgmza_map\" data-settings='{\"id\":\"1\",\"map_title\":\"Moja pierwsza mapa\",\"map_width\":\"100\",\"map_height\":\"400\",\"map_start_lat\":\"50.569821\",\"map_start_lng\":\"21.719457\",\"map_start_location\":\"50.56982100000001,21.71945675423635\",\"map_start_zoom\":\"15\",\"default_marker\":\"0\",\"type\":\"3\",\"alignment\":\"2\",\"directions_enabled\":\"1\",\"styling_enabled\":\"0\",\"styling_json\":\"\",\"active\":\"0\",\"kml\":\"\",\"bicycle\":\"0\",\"traffic\":\"0\",\"dbox\":\"1\",\"dbox_width\":\"100\",\"listmarkers\":\"0\",\"listmarkers_advanced\":\"0\",\"filterbycat\":\"0\",\"ugm_enabled\":\"0\",\"ugm_category_enabled\":\"0\",\"fusion\":\"\",\"map_width_type\":\"\\\\%\",\"map_height_type\":\"px\",\"mass_marker_support\":\"1\",\"ugm_access\":\"0\",\"order_markers_by\":\"1\",\"order_markers_choice\":\"2\",\"show_user_location\":\"0\",\"default_to\":\"\",\"other_settings\":{\"store_locator_enabled\":2,\"store_locator_distance\":2,\"store_locator_default_radius\":10,\"store_locator_not_found_message\":\"No results found in this location. Please try again.\",\"store_locator_bounce\":1,\"store_locator_query_string\":\"ZIP \\\/ Address:\",\"store_locator_default_address\":\"\",\"wpgmza_store_locator_restrict\":\"\",\"wpgmza_store_locator_radius_style\":\"modern\",\"map_max_zoom\":\"1\",\"transport_layer\":0,\"wpgmza_theme_data\":\"\",\"wpgmza_show_points_of_interest\":1,\"wpgmza_auto_night\":0}}' data-map-id='1' Data-maps-engine='google-maps' data-shortcode-attributes='{\"id\":\"1\"}' style=\"display:block; overflow:auto; width:100%; height:400px; float:left;\"><\/div>\n","protected":false},"excerpt":{"rendered":"<p>Parafia Chrystusa Dobrego Pasterza w Tarnobrzegu &#8211; Mokrzyszowie Adres:ul.&nbsp;Sienkiewicza 213 39-400 TarnobrzegTel.&nbsp;15 823 60 46 Nr konta parafialnego:31 1240 2744 1111 0010 7934 0846* *przy wp\u0142acie na konto prosimy o wype\u0142nienie pola tytu\u0142em jako &#8222;ofiara na cele kultu religijnego&#8221; aby mo\u017cna by\u0142o odliczy\u0107 t\u0119 darowizn\u0119 od dochodu w kwocie stanowi\u0105cej [&hellip;]<\/p>\n","protected":false},"author":3,"featured_media":0,"parent":0,"menu_order":0,"comment_status":"closed","ping_status":"closed","template":"","meta":{"footnotes":""},"class_list":["post-13","page","type-page","status-publish","hentry"],"yoast_head":"<!-- This site is optimized with the Yoast SEO plugin v25.8 - https:\/\/yoast.com\/wordpress\/plugins\/seo\/ -->\n<title>Kontakt - Ja jestem dobrym pasterzem i znam owce moje, a moje Mnie znaj\u0105.<\/title>\n<meta name=\"robots\" content=\"index, follow, max-snippet:-1, max-image-preview:large, max-video-preview:-1\" \/>\n<link rel=\"canonical\" href=\"https:\/\/mokrzyszow.pl\/?page_id=13\" \/>\n<meta property=\"og:locale\" content=\"pl_PL\" \/>\n<meta property=\"og:type\" content=\"article\" \/>\n<meta property=\"og:title\" content=\"Kontakt - Ja jestem dobrym pasterzem i znam owce moje, a moje Mnie znaj\u0105.\" \/>\n<meta property=\"og:description\" content=\"Parafia Chrystusa Dobrego Pasterza w Tarnobrzegu &#8211; Mokrzyszowie Adres:ul.&nbsp;Sienkiewicza 213 39-400 TarnobrzegTel.&nbsp;15 823 60 46 Nr konta parafialnego:31 1240 2744 1111 0010 7934 0846* *przy wp\u0142acie na konto prosimy o wype\u0142nienie pola tytu\u0142em jako &#8222;ofiara na cele kultu religijnego&#8221; aby mo\u017cna by\u0142o odliczy\u0107 t\u0119 darowizn\u0119 od dochodu w kwocie stanowi\u0105cej [&hellip;]\" \/>\n<meta property=\"og:url\" content=\"https:\/\/mokrzyszow.pl\/?page_id=13\" \/>\n<meta property=\"og:site_name\" content=\"Ja jestem dobrym pasterzem i znam owce moje, a moje Mnie znaj\u0105.\" \/>\n<meta property=\"article:publisher\" content=\"https:\/\/www.facebook.com\/Parafia-Chrystusa-Dobrego-Pasterza-Tarnobrzegu-Mokrzyszowie-1861837690609136\/\" \/>\n<meta property=\"article:modified_time\" content=\"2020-04-04T15:28:12+00:00\" \/>\n<meta name=\"twitter:card\" content=\"summary_large_image\" \/>\n<script type=\"application\/ld+json\" class=\"yoast-schema-graph\">{\"@context\":\"https:\/\/schema.org\",\"@graph\":[{\"@type\":\"WebPage\",\"@id\":\"https:\/\/mokrzyszow.pl\/?page_id=13\",\"url\":\"https:\/\/mokrzyszow.pl\/?page_id=13\",\"name\":\"Kontakt - Ja jestem dobrym pasterzem i znam owce moje, a moje Mnie znaj\u0105.\",\"isPartOf\":{\"@id\":\"https:\/\/mokrzyszow.pl\/#website\"},\"datePublished\":\"2020-04-03T14:25:03+00:00\",\"dateModified\":\"2020-04-04T15:28:12+00:00\",\"breadcrumb\":{\"@id\":\"https:\/\/mokrzyszow.pl\/?page_id=13#breadcrumb\"},\"inLanguage\":\"pl-PL\",\"potentialAction\":[{\"@type\":\"ReadAction\",\"target\":[\"https:\/\/mokrzyszow.pl\/?page_id=13\"]}]},{\"@type\":\"BreadcrumbList\",\"@id\":\"https:\/\/mokrzyszow.pl\/?page_id=13#breadcrumb\",\"itemListElement\":[{\"@type\":\"ListItem\",\"position\":1,\"name\":\"Home\",\"item\":\"https:\/\/mokrzyszow.pl\/\"},{\"@type\":\"ListItem\",\"position\":2,\"name\":\"Kontakt\"}]},{\"@type\":\"WebSite\",\"@id\":\"https:\/\/mokrzyszow.pl\/#website\",\"url\":\"https:\/\/mokrzyszow.pl\/\",\"name\":\"Parafia Chrystusa Dobrego Pasterza\",\"description\":\"Parafia Chrystusa Dobrego Pasterza w Mokrzyszowie\",\"potentialAction\":[{\"@type\":\"SearchAction\",\"target\":{\"@type\":\"EntryPoint\",\"urlTemplate\":\"https:\/\/mokrzyszow.pl\/?s={search_term_string}\"},\"query-input\":{\"@type\":\"PropertyValueSpecification\",\"valueRequired\":true,\"valueName\":\"search_term_string\"}}],\"inLanguage\":\"pl-PL\"}]}<\/script>\n<!-- \/ Yoast SEO plugin. -->","yoast_head_json":{"title":"Kontakt - Ja jestem dobrym pasterzem i znam owce moje, a moje Mnie znaj\u0105.","robots":{"index":"index","follow":"follow","max-snippet":"max-snippet:-1","max-image-preview":"max-image-preview:large","max-video-preview":"max-video-preview:-1"},"canonical":"https:\/\/mokrzyszow.pl\/?page_id=13","og_locale":"pl_PL","og_type":"article","og_title":"Kontakt - Ja jestem dobrym pasterzem i znam owce moje, a moje Mnie znaj\u0105.","og_description":"Parafia Chrystusa Dobrego Pasterza w Tarnobrzegu &#8211; Mokrzyszowie Adres:ul.&nbsp;Sienkiewicza 213 39-400 TarnobrzegTel.&nbsp;15 823 60 46 Nr konta parafialnego:31 1240 2744 1111 0010 7934 0846* *przy wp\u0142acie na konto prosimy o wype\u0142nienie pola tytu\u0142em jako &#8222;ofiara na cele kultu religijnego&#8221; aby mo\u017cna by\u0142o odliczy\u0107 t\u0119 darowizn\u0119 od dochodu w kwocie stanowi\u0105cej [&hellip;]","og_url":"https:\/\/mokrzyszow.pl\/?page_id=13","og_site_name":"Ja jestem dobrym pasterzem i znam owce moje, a moje Mnie znaj\u0105.","article_publisher":"https:\/\/www.facebook.com\/Parafia-Chrystusa-Dobrego-Pasterza-Tarnobrzegu-Mokrzyszowie-1861837690609136\/","article_modified_time":"2020-04-04T15:28:12+00:00","twitter_card":"summary_large_image","schema":{"@context":"https:\/\/schema.org","@graph":[{"@type":"WebPage","@id":"https:\/\/mokrzyszow.pl\/?page_id=13","url":"https:\/\/mokrzyszow.pl\/?page_id=13","name":"Kontakt - Ja jestem dobrym pasterzem i znam owce moje, a moje Mnie znaj\u0105.","isPartOf":{"@id":"https:\/\/mokrzyszow.pl\/#website"},"datePublished":"2020-04-03T14:25:03+00:00","dateModified":"2020-04-04T15:28:12+00:00","breadcrumb":{"@id":"https:\/\/mokrzyszow.pl\/?page_id=13#breadcrumb"},"inLanguage":"pl-PL","potentialAction":[{"@type":"ReadAction","target":["https:\/\/mokrzyszow.pl\/?page_id=13"]}]},{"@type":"BreadcrumbList","@id":"https:\/\/mokrzyszow.pl\/?page_id=13#breadcrumb","itemListElement":[{"@type":"ListItem","position":1,"name":"Home","item":"https:\/\/mokrzyszow.pl\/"},{"@type":"ListItem","position":2,"name":"Kontakt"}]},{"@type":"WebSite","@id":"https:\/\/mokrzyszow.pl\/#website","url":"https:\/\/mokrzyszow.pl\/","name":"Parafia Chrystusa Dobrego Pasterza","description":"Parafia Chrystusa Dobrego Pasterza w Mokrzyszowie","potentialAction":[{"@type":"SearchAction","target":{"@type":"EntryPoint","urlTemplate":"https:\/\/mokrzyszow.pl\/?s={search_term_string}"},"query-input":{"@type":"PropertyValueSpecification","valueRequired":true,"valueName":"search_term_string"}}],"inLanguage":"pl-PL"}]}},"_links":{"self":[{"href":"https:\/\/mokrzyszow.pl\/index.php?rest_route=\/wp\/v2\/pages\/13","targetHints":{"allow":["GET"]}}],"collection":[{"href":"https:\/\/mokrzyszow.pl\/index.php?rest_route=\/wp\/v2\/pages"}],"about":[{"href":"https:\/\/mokrzyszow.pl\/index.php?rest_route=\/wp\/v2\/types\/page"}],"author":[{"embeddable":true,"href":"https:\/\/mokrzyszow.pl\/index.php?rest_route=\/wp\/v2\/users\/3"}],"replies":[{"embeddable":true,"href":"https:\/\/mokrzyszow.pl\/index.php?rest_route=%2Fwp%2Fv2%2Fcomments&post=13"}],"version-history":[{"count":9,"href":"https:\/\/mokrzyszow.pl\/index.php?rest_route=\/wp\/v2\/pages\/13\/revisions"}],"predecessor-version":[{"id":192,"href":"https:\/\/mokrzyszow.pl\/index.php?rest_route=\/wp\/v2\/pages\/13\/revisions\/192"}],"wp:attachment":[{"href":"https:\/\/mokrzyszow.pl\/index.php?rest_route=%2Fwp%2Fv2%2Fmedia&parent=13"}],"curies":[{"name":"wp","href":"https:\/\/api.w.org\/{rel}","templated":true}]}}