{"id":15,"date":"2020-04-03T16:25:03","date_gmt":"2020-04-03T14:25:03","guid":{"rendered":"https:\/\/mokrzyszow.pl\/?page_id=15"},"modified":"2020-04-04T17:30:44","modified_gmt":"2020-04-04T15:30:44","slug":"sekcja-strony-glownej","status":"publish","type":"page","link":"https:\/\/mokrzyszow.pl\/?page_id=15","title":{"rendered":"Kancelaria parafialna"},"content":{"rendered":"\n<p><strong>CHRZEST &#8211;&nbsp;udzielany uroczy\u015bcie zazwyczaj w  niedziel\u0119  (zg\u0142aszamy najp\u00f3\u017aniej miesi\u0105c przed obrz\u0119dem)<\/strong> <\/p>\n\n\n\n<p>&#8211; skr\u00f3cony odpis aktu urodzenia z USC (do wgl\u0105du)<\/p>\n\n\n\n<p>&#8211; dane rodzic\u00f3w oraz chrzestnych \/imi\u0119 nazwisko wiek adres zamieszkania\/<\/p>\n\n\n\n<p>&#8211; za\u015bwiadczenia z w\u0142asnej parafii dla rodzic\u00f3w chrzestnych i\u017c mog\u0105 by\u0107 dopuszczeni do pe\u0142nienia tej funkcji \/s\u0105 wierz\u0105cymi i praktykuj\u0105cymi katolikami\/<\/p>\n\n\n\n<p>&#8211; zgoda na chrzest, je\u015bli rodzice mieszkaj\u0105 poza parafi\u0105<\/p>\n\n\n\n<p><strong>MA\u0141\u017bE\u0143STWO &#8211;&nbsp;zg\u0142aszamy najp\u00f3\u017aniej 3 miesi\u0105ce&nbsp;przed obrz\u0119dem spisuj\u0105c protok\u00f3\u0142 przed\u015blubny<\/strong><\/p>\n\n\n\n<p>&#8211; dowody osobiste (do wgl\u0105du)<\/p>\n\n\n\n<p>&#8211; za\u015bwiadczenie do \u015blubu konkordatowego z USC lub skr\u00f3cony odpis aktu ma\u0142\u017ce\u0144stwa cywilnego<\/p>\n\n\n\n<p>&#8211; metryki chrztu (w dniu spisywania protoko\u0142u nie starsze ni\u017c 6 miesi\u0119cy)<\/p>\n\n\n\n<p>&#8211; za\u015bwiadczenia o bierzmowaniu (je\u017celi nie s\u0105 wpisane w metryk\u0119 chrztu)<\/p>\n\n\n\n<p>&#8211; za\u015bwiadczenie o udziale w katechizacji w szkole \u015bredniej z ocen\u0105 z religii (np. \u015bwiadectwo maturalne do wgl\u0105du)<\/p>\n\n\n\n<p>&#8211; za\u015bwiadczenia o odbytych katechezach przed\u015blubnych i&nbsp;spotkaniach z doradczyni\u0105 ma\u0142\u017ce\u0144sk\u0105<\/p>\n\n\n\n<p>&#8211; za\u015bwiadczenie o odbytych dw\u00f3ch spowiedziach przed\u015blubnych<\/p>\n\n\n\n<p>&#8211; dane \u015bwiadk\u00f3w \u015blubu (mog\u0105 t\u0119 funkcj\u0119 pe\u0142ni\u0107 tylko osoby pe\u0142noletnie)<\/p>\n\n\n\n<p><strong>KATOLICKI POGRZEB<\/strong><\/p>\n\n\n\n<p>&#8211; karta zgonu (do wgl\u0105du)<\/p>\n\n\n\n<p>&#8211; je\u015bli zgon nast\u0105pi\u0142 w szpitalu &#8211; informacja od kapelana o przyj\u0119tych sakramentach<\/p>\n\n\n\n<p>&#8211; je\u015bli osoba mieszka\u0142a poza parafi\u0105 &#8211; pozwolenie na pogrzeb od duszpasterza parafii ostatniego zamieszkania<\/p>\n\n\n\n<p><strong>RODZICE CHRZESTNI<\/strong><\/p>\n\n\n\n<p>Za\u015bwiadczenia o mo\u017cliwo\u015bci pe\u0142nienia funkcji ojca lub matki chrzestnej wydajemy&nbsp;tylko do r\u0105k w\u0142asnych, i tylko tym, kt\u00f3rzy rzeczywi\u015bcie zamieszkuj\u0105 na terenie naszej parafii (a nie s\u0105 tylko zameldowani)<\/p>\n\n\n\n<p><\/p>\n","protected":false},"excerpt":{"rendered":"<p>CHRZEST &#8211;&nbsp;udzielany uroczy\u015bcie zazwyczaj w niedziel\u0119 (zg\u0142aszamy najp\u00f3\u017aniej miesi\u0105c przed obrz\u0119dem) &#8211; skr\u00f3cony odpis aktu urodzenia z USC (do wgl\u0105du) &#8211; dane rodzic\u00f3w oraz chrzestnych \/imi\u0119 nazwisko wiek adres zamieszkania\/ &#8211; za\u015bwiadczenia z w\u0142asnej parafii dla rodzic\u00f3w chrzestnych i\u017c mog\u0105 by\u0107 dopuszczeni do pe\u0142nienia tej funkcji \/s\u0105 wierz\u0105cymi i praktykuj\u0105cymi [&hellip;]<\/p>\n","protected":false},"author":2,"featured_media":65,"parent":0,"menu_order":0,"comment_status":"closed","ping_status":"closed","template":"","meta":{"footnotes":""},"class_list":["post-15","page","type-page","status-publish","has-post-thumbnail","hentry"],"yoast_head":"<!-- This site is optimized with the Yoast SEO plugin v25.8 - https:\/\/yoast.com\/wordpress\/plugins\/seo\/ -->\n<title>Kancelaria parafialna - Ja jestem dobrym pasterzem i znam owce moje, a moje Mnie znaj\u0105.<\/title>\n<meta name=\"robots\" content=\"index, follow, max-snippet:-1, max-image-preview:large, max-video-preview:-1\" \/>\n<link rel=\"canonical\" href=\"https:\/\/mokrzyszow.pl\/?page_id=15\" \/>\n<meta property=\"og:locale\" content=\"pl_PL\" \/>\n<meta property=\"og:type\" content=\"article\" \/>\n<meta property=\"og:title\" content=\"Kancelaria parafialna - Ja jestem dobrym pasterzem i znam owce moje, a moje Mnie znaj\u0105.\" \/>\n<meta property=\"og:description\" content=\"CHRZEST &#8211;&nbsp;udzielany uroczy\u015bcie zazwyczaj w niedziel\u0119 (zg\u0142aszamy najp\u00f3\u017aniej miesi\u0105c przed obrz\u0119dem) &#8211; skr\u00f3cony odpis aktu urodzenia z USC (do wgl\u0105du) &#8211; dane rodzic\u00f3w oraz chrzestnych \/imi\u0119 nazwisko wiek adres zamieszkania\/ &#8211; za\u015bwiadczenia z w\u0142asnej parafii dla rodzic\u00f3w chrzestnych i\u017c mog\u0105 by\u0107 dopuszczeni do pe\u0142nienia tej funkcji \/s\u0105 wierz\u0105cymi i praktykuj\u0105cymi [&hellip;]\" \/>\n<meta property=\"og:url\" content=\"https:\/\/mokrzyszow.pl\/?page_id=15\" \/>\n<meta property=\"og:site_name\" content=\"Ja jestem dobrym pasterzem i znam owce moje, a moje Mnie znaj\u0105.\" \/>\n<meta property=\"article:publisher\" content=\"https:\/\/www.facebook.com\/Parafia-Chrystusa-Dobrego-Pasterza-Tarnobrzegu-Mokrzyszowie-1861837690609136\/\" \/>\n<meta property=\"article:modified_time\" content=\"2020-04-04T15:30:44+00:00\" \/>\n<meta property=\"og:image\" content=\"https:\/\/mokrzyszow.pl\/wp-content\/uploads\/2020\/04\/Kancelaria-e1586014170706.jpg\" \/>\n\t<meta property=\"og:image:width\" content=\"600\" \/>\n\t<meta property=\"og:image:height\" content=\"297\" \/>\n\t<meta property=\"og:image:type\" content=\"image\/jpeg\" \/>\n<meta name=\"twitter:card\" content=\"summary_large_image\" \/>\n<meta name=\"twitter:label1\" content=\"Szacowany czas czytania\" \/>\n\t<meta name=\"twitter:data1\" content=\"1 minuta\" \/>\n<script type=\"application\/ld+json\" class=\"yoast-schema-graph\">{\"@context\":\"https:\/\/schema.org\",\"@graph\":[{\"@type\":\"WebPage\",\"@id\":\"https:\/\/mokrzyszow.pl\/?page_id=15\",\"url\":\"https:\/\/mokrzyszow.pl\/?page_id=15\",\"name\":\"Kancelaria parafialna - Ja jestem dobrym pasterzem i znam owce moje, a moje Mnie znaj\u0105.\",\"isPartOf\":{\"@id\":\"https:\/\/mokrzyszow.pl\/#website\"},\"primaryImageOfPage\":{\"@id\":\"https:\/\/mokrzyszow.pl\/?page_id=15#primaryimage\"},\"image\":{\"@id\":\"https:\/\/mokrzyszow.pl\/?page_id=15#primaryimage\"},\"thumbnailUrl\":\"https:\/\/mokrzyszow.pl\/wp-content\/uploads\/2020\/04\/Kancelaria-e1586014170706.jpg\",\"datePublished\":\"2020-04-03T14:25:03+00:00\",\"dateModified\":\"2020-04-04T15:30:44+00:00\",\"breadcrumb\":{\"@id\":\"https:\/\/mokrzyszow.pl\/?page_id=15#breadcrumb\"},\"inLanguage\":\"pl-PL\",\"potentialAction\":[{\"@type\":\"ReadAction\",\"target\":[\"https:\/\/mokrzyszow.pl\/?page_id=15\"]}]},{\"@type\":\"ImageObject\",\"inLanguage\":\"pl-PL\",\"@id\":\"https:\/\/mokrzyszow.pl\/?page_id=15#primaryimage\",\"url\":\"https:\/\/mokrzyszow.pl\/wp-content\/uploads\/2020\/04\/Kancelaria-e1586014170706.jpg\",\"contentUrl\":\"https:\/\/mokrzyszow.pl\/wp-content\/uploads\/2020\/04\/Kancelaria-e1586014170706.jpg\",\"width\":600,\"height\":297},{\"@type\":\"BreadcrumbList\",\"@id\":\"https:\/\/mokrzyszow.pl\/?page_id=15#breadcrumb\",\"itemListElement\":[{\"@type\":\"ListItem\",\"position\":1,\"name\":\"Home\",\"item\":\"https:\/\/mokrzyszow.pl\/\"},{\"@type\":\"ListItem\",\"position\":2,\"name\":\"Kancelaria parafialna\"}]},{\"@type\":\"WebSite\",\"@id\":\"https:\/\/mokrzyszow.pl\/#website\",\"url\":\"https:\/\/mokrzyszow.pl\/\",\"name\":\"Parafia Chrystusa Dobrego Pasterza\",\"description\":\"Parafia Chrystusa Dobrego Pasterza w Mokrzyszowie\",\"potentialAction\":[{\"@type\":\"SearchAction\",\"target\":{\"@type\":\"EntryPoint\",\"urlTemplate\":\"https:\/\/mokrzyszow.pl\/?s={search_term_string}\"},\"query-input\":{\"@type\":\"PropertyValueSpecification\",\"valueRequired\":true,\"valueName\":\"search_term_string\"}}],\"inLanguage\":\"pl-PL\"}]}<\/script>\n<!-- \/ Yoast SEO plugin. -->","yoast_head_json":{"title":"Kancelaria parafialna - Ja jestem dobrym pasterzem i znam owce moje, a moje Mnie znaj\u0105.","robots":{"index":"index","follow":"follow","max-snippet":"max-snippet:-1","max-image-preview":"max-image-preview:large","max-video-preview":"max-video-preview:-1"},"canonical":"https:\/\/mokrzyszow.pl\/?page_id=15","og_locale":"pl_PL","og_type":"article","og_title":"Kancelaria parafialna - Ja jestem dobrym pasterzem i znam owce moje, a moje Mnie znaj\u0105.","og_description":"CHRZEST &#8211;&nbsp;udzielany uroczy\u015bcie zazwyczaj w niedziel\u0119 (zg\u0142aszamy najp\u00f3\u017aniej miesi\u0105c przed obrz\u0119dem) &#8211; skr\u00f3cony odpis aktu urodzenia z USC (do wgl\u0105du) &#8211; dane rodzic\u00f3w oraz chrzestnych \/imi\u0119 nazwisko wiek adres zamieszkania\/ &#8211; za\u015bwiadczenia z w\u0142asnej parafii dla rodzic\u00f3w chrzestnych i\u017c mog\u0105 by\u0107 dopuszczeni do pe\u0142nienia tej funkcji \/s\u0105 wierz\u0105cymi i praktykuj\u0105cymi [&hellip;]","og_url":"https:\/\/mokrzyszow.pl\/?page_id=15","og_site_name":"Ja jestem dobrym pasterzem i znam owce moje, a moje Mnie znaj\u0105.","article_publisher":"https:\/\/www.facebook.com\/Parafia-Chrystusa-Dobrego-Pasterza-Tarnobrzegu-Mokrzyszowie-1861837690609136\/","article_modified_time":"2020-04-04T15:30:44+00:00","og_image":[{"width":600,"height":297,"url":"https:\/\/mokrzyszow.pl\/wp-content\/uploads\/2020\/04\/Kancelaria-e1586014170706.jpg","type":"image\/jpeg"}],"twitter_card":"summary_large_image","twitter_misc":{"Szacowany czas czytania":"1 minuta"},"schema":{"@context":"https:\/\/schema.org","@graph":[{"@type":"WebPage","@id":"https:\/\/mokrzyszow.pl\/?page_id=15","url":"https:\/\/mokrzyszow.pl\/?page_id=15","name":"Kancelaria parafialna - Ja jestem dobrym pasterzem i znam owce moje, a moje Mnie znaj\u0105.","isPartOf":{"@id":"https:\/\/mokrzyszow.pl\/#website"},"primaryImageOfPage":{"@id":"https:\/\/mokrzyszow.pl\/?page_id=15#primaryimage"},"image":{"@id":"https:\/\/mokrzyszow.pl\/?page_id=15#primaryimage"},"thumbnailUrl":"https:\/\/mokrzyszow.pl\/wp-content\/uploads\/2020\/04\/Kancelaria-e1586014170706.jpg","datePublished":"2020-04-03T14:25:03+00:00","dateModified":"2020-04-04T15:30:44+00:00","breadcrumb":{"@id":"https:\/\/mokrzyszow.pl\/?page_id=15#breadcrumb"},"inLanguage":"pl-PL","potentialAction":[{"@type":"ReadAction","target":["https:\/\/mokrzyszow.pl\/?page_id=15"]}]},{"@type":"ImageObject","inLanguage":"pl-PL","@id":"https:\/\/mokrzyszow.pl\/?page_id=15#primaryimage","url":"https:\/\/mokrzyszow.pl\/wp-content\/uploads\/2020\/04\/Kancelaria-e1586014170706.jpg","contentUrl":"https:\/\/mokrzyszow.pl\/wp-content\/uploads\/2020\/04\/Kancelaria-e1586014170706.jpg","width":600,"height":297},{"@type":"BreadcrumbList","@id":"https:\/\/mokrzyszow.pl\/?page_id=15#breadcrumb","itemListElement":[{"@type":"ListItem","position":1,"name":"Home","item":"https:\/\/mokrzyszow.pl\/"},{"@type":"ListItem","position":2,"name":"Kancelaria parafialna"}]},{"@type":"WebSite","@id":"https:\/\/mokrzyszow.pl\/#website","url":"https:\/\/mokrzyszow.pl\/","name":"Parafia Chrystusa Dobrego Pasterza","description":"Parafia Chrystusa Dobrego Pasterza w Mokrzyszowie","potentialAction":[{"@type":"SearchAction","target":{"@type":"EntryPoint","urlTemplate":"https:\/\/mokrzyszow.pl\/?s={search_term_string}"},"query-input":{"@type":"PropertyValueSpecification","valueRequired":true,"valueName":"search_term_string"}}],"inLanguage":"pl-PL"}]}},"_links":{"self":[{"href":"https:\/\/mokrzyszow.pl\/index.php?rest_route=\/wp\/v2\/pages\/15","targetHints":{"allow":["GET"]}}],"collection":[{"href":"https:\/\/mokrzyszow.pl\/index.php?rest_route=\/wp\/v2\/pages"}],"about":[{"href":"https:\/\/mokrzyszow.pl\/index.php?rest_route=\/wp\/v2\/types\/page"}],"author":[{"embeddable":true,"href":"https:\/\/mokrzyszow.pl\/index.php?rest_route=\/wp\/v2\/users\/2"}],"replies":[{"embeddable":true,"href":"https:\/\/mokrzyszow.pl\/index.php?rest_route=%2Fwp%2Fv2%2Fcomments&post=15"}],"version-history":[{"count":4,"href":"https:\/\/mokrzyszow.pl\/index.php?rest_route=\/wp\/v2\/pages\/15\/revisions"}],"predecessor-version":[{"id":229,"href":"https:\/\/mokrzyszow.pl\/index.php?rest_route=\/wp\/v2\/pages\/15\/revisions\/229"}],"wp:featuredmedia":[{"embeddable":true,"href":"https:\/\/mokrzyszow.pl\/index.php?rest_route=\/wp\/v2\/media\/65"}],"wp:attachment":[{"href":"https:\/\/mokrzyszow.pl\/index.php?rest_route=%2Fwp%2Fv2%2Fmedia&parent=15"}],"curies":[{"name":"wp","href":"https:\/\/api.w.org\/{rel}","templated":true}]}}