{"id":1532,"date":"2020-12-07T18:34:19","date_gmt":"2020-12-07T17:34:19","guid":{"rendered":"https:\/\/mokrzyszow.pl\/?page_id=1532"},"modified":"2020-12-07T20:20:15","modified_gmt":"2020-12-07T19:20:15","slug":"czytelnia","status":"publish","type":"page","link":"https:\/\/mokrzyszow.pl\/?page_id=1532","title":{"rendered":"Czytelnia"},"content":{"rendered":"\t\t<div data-elementor-type=\"wp-page\" data-elementor-id=\"1532\" class=\"elementor elementor-1532\">\n\t\t\t\t\t\t<section class=\"elementor-section elementor-top-section elementor-element elementor-element-535e06f elementor-section-boxed elementor-section-height-default elementor-section-height-default\" data-id=\"535e06f\" data-element_type=\"section\">\n\t\t\t\t\t\t<div class=\"elementor-container elementor-column-gap-default\">\n\t\t\t\t\t<div class=\"elementor-column elementor-col-100 elementor-top-column elementor-element elementor-element-f8cb853\" data-id=\"f8cb853\" data-element_type=\"column\">\n\t\t\t<div class=\"elementor-widget-wrap elementor-element-populated\">\n\t\t\t\t\t\t<div class=\"elementor-element elementor-element-e235be9 elementor-widget elementor-widget-spacer\" data-id=\"e235be9\" data-element_type=\"widget\" data-widget_type=\"spacer.default\">\n\t\t\t\t<div class=\"elementor-widget-container\">\n\t\t\t\t\t\t\t<div class=\"elementor-spacer\">\n\t\t\t<div class=\"elementor-spacer-inner\"><\/div>\n\t\t<\/div>\n\t\t\t\t\t\t<\/div>\n\t\t\t\t<\/div>\n\t\t\t\t\t<\/div>\n\t\t<\/div>\n\t\t\t\t\t<\/div>\n\t\t<\/section>\n\t\t\t\t<section class=\"elementor-section elementor-top-section elementor-element elementor-element-f7a7f3a elementor-section-boxed elementor-section-height-default elementor-section-height-default\" data-id=\"f7a7f3a\" data-element_type=\"section\">\n\t\t\t\t\t\t<div class=\"elementor-container elementor-column-gap-default\">\n\t\t\t\t\t<div class=\"elementor-column elementor-col-100 elementor-top-column elementor-element elementor-element-cecf711\" data-id=\"cecf711\" data-element_type=\"column\">\n\t\t\t<div class=\"elementor-widget-wrap elementor-element-populated\">\n\t\t\t\t\t\t<div class=\"elementor-element elementor-element-9179835 elementor-invisible elementor-widget elementor-widget-heading\" data-id=\"9179835\" data-element_type=\"widget\" data-settings=\"{&quot;_animation&quot;:&quot;fadeIn&quot;}\" data-widget_type=\"heading.default\">\n\t\t\t\t<div class=\"elementor-widget-container\">\n\t\t\t\t\t<h2 class=\"elementor-heading-title elementor-size-default\"><b>Czytelnia<\/b><\/h2>\t\t\t\t<\/div>\n\t\t\t\t<\/div>\n\t\t\t\t\t<\/div>\n\t\t<\/div>\n\t\t\t\t\t<\/div>\n\t\t<\/section>\n\t\t\t\t<section class=\"elementor-section elementor-top-section elementor-element elementor-element-4a22915 elementor-section-boxed elementor-section-height-default elementor-section-height-default\" data-id=\"4a22915\" data-element_type=\"section\">\n\t\t\t\t\t\t<div class=\"elementor-container elementor-column-gap-default\">\n\t\t\t\t\t<div class=\"elementor-column elementor-col-100 elementor-top-column elementor-element elementor-element-4e50c70\" data-id=\"4e50c70\" data-element_type=\"column\">\n\t\t\t<div class=\"elementor-widget-wrap elementor-element-populated\">\n\t\t\t\t\t\t<div class=\"elementor-element elementor-element-3637d26 elementor-widget-divider--view-line_icon elementor-view-default elementor-widget-divider--element-align-center elementor-widget elementor-widget-divider\" data-id=\"3637d26\" data-element_type=\"widget\" data-widget_type=\"divider.default\">\n\t\t\t\t<div class=\"elementor-widget-container\">\n\t\t\t\t\t\t\t<div class=\"elementor-divider\">\n\t\t\t<span class=\"elementor-divider-separator\">\n\t\t\t\t\t\t\t<div class=\"elementor-icon elementor-divider__element\">\n\t\t\t\t\t<i aria-hidden=\"true\" class=\"fas fa-star\"><\/i><\/div>\n\t\t\t\t\t\t<\/span>\n\t\t<\/div>\n\t\t\t\t\t\t<\/div>\n\t\t\t\t<\/div>\n\t\t\t\t\t<\/div>\n\t\t<\/div>\n\t\t\t\t\t<\/div>\n\t\t<\/section>\n\t\t\t\t<section class=\"elementor-section elementor-top-section elementor-element elementor-element-2ff8e18 elementor-section-boxed elementor-section-height-default elementor-section-height-default\" data-id=\"2ff8e18\" data-element_type=\"section\">\n\t\t\t\t\t\t<div class=\"elementor-container elementor-column-gap-default\">\n\t\t\t\t\t<div class=\"elementor-column elementor-col-100 elementor-top-column elementor-element elementor-element-8ad094b\" data-id=\"8ad094b\" data-element_type=\"column\">\n\t\t\t<div class=\"elementor-widget-wrap elementor-element-populated\">\n\t\t\t\t\t\t<div class=\"elementor-element elementor-element-493ff9c elementor-align-center elementor-widget elementor-widget-button\" data-id=\"493ff9c\" data-element_type=\"widget\" data-widget_type=\"button.default\">\n\t\t\t\t<div class=\"elementor-widget-container\">\n\t\t\t\t\t\t\t\t\t<div class=\"elementor-button-wrapper\">\n\t\t\t\t\t<a class=\"elementor-button elementor-button-link elementor-size-md\" href=\"https:\/\/mokrzyszow.pl\/?page_id=1593\">\n\t\t\t\t\t\t<span class=\"elementor-button-content-wrapper\">\n\t\t\t\t\t\t<span class=\"elementor-button-icon\">\n\t\t\t\t<i aria-hidden=\"true\" class=\"fas fa-sticky-note\"><\/i>\t\t\t<\/span>\n\t\t\t\t\t\t\t\t\t<span class=\"elementor-button-text\">Husaria<\/span>\n\t\t\t\t\t<\/span>\n\t\t\t\t\t<\/a>\n\t\t\t\t<\/div>\n\t\t\t\t\t\t\t\t<\/div>\n\t\t\t\t<\/div>\n\t\t\t\t<div class=\"elementor-element elementor-element-9aa71e7 elementor-align-center elementor-widget elementor-widget-button\" data-id=\"9aa71e7\" data-element_type=\"widget\" data-widget_type=\"button.default\">\n\t\t\t\t<div class=\"elementor-widget-container\">\n\t\t\t\t\t\t\t\t\t<div class=\"elementor-button-wrapper\">\n\t\t\t\t\t<a class=\"elementor-button elementor-button-link elementor-size-md\" href=\"https:\/\/mokrzyszow.pl\/?page_id=1535\">\n\t\t\t\t\t\t<span class=\"elementor-button-content-wrapper\">\n\t\t\t\t\t\t<span class=\"elementor-button-icon\">\n\t\t\t\t<i aria-hidden=\"true\" class=\"fas fa-sticky-note\"><\/i>\t\t\t<\/span>\n\t\t\t\t\t\t\t\t\t<span class=\"elementor-button-text\">Kapliczki i krzy\u017ce przydro\u017cne<\/span>\n\t\t\t\t\t<\/span>\n\t\t\t\t\t<\/a>\n\t\t\t\t<\/div>\n\t\t\t\t\t\t\t\t<\/div>\n\t\t\t\t<\/div>\n\t\t\t\t\t<\/div>\n\t\t<\/div>\n\t\t\t\t\t<\/div>\n\t\t<\/section>\n\t\t\t\t<section class=\"elementor-section elementor-top-section elementor-element elementor-element-61b8806 elementor-section-boxed elementor-section-height-default elementor-section-height-default\" data-id=\"61b8806\" data-element_type=\"section\">\n\t\t\t\t\t\t<div class=\"elementor-container elementor-column-gap-default\">\n\t\t\t\t\t<div class=\"elementor-column elementor-col-100 elementor-top-column elementor-element elementor-element-b86677a\" data-id=\"b86677a\" data-element_type=\"column\">\n\t\t\t<div class=\"elementor-widget-wrap elementor-element-populated\">\n\t\t\t\t\t\t<div class=\"elementor-element elementor-element-b1e1a06 elementor-widget-divider--view-line_icon elementor-view-default elementor-widget-divider--element-align-center elementor-widget elementor-widget-divider\" data-id=\"b1e1a06\" data-element_type=\"widget\" data-widget_type=\"divider.default\">\n\t\t\t\t<div class=\"elementor-widget-container\">\n\t\t\t\t\t\t\t<div class=\"elementor-divider\">\n\t\t\t<span class=\"elementor-divider-separator\">\n\t\t\t\t\t\t\t<div class=\"elementor-icon elementor-divider__element\">\n\t\t\t\t\t<i aria-hidden=\"true\" class=\"fas fa-star\"><\/i><\/div>\n\t\t\t\t\t\t<\/span>\n\t\t<\/div>\n\t\t\t\t\t\t<\/div>\n\t\t\t\t<\/div>\n\t\t\t\t\t<\/div>\n\t\t<\/div>\n\t\t\t\t\t<\/div>\n\t\t<\/section>\n\t\t\t\t<\/div>\n\t\t","protected":false},"excerpt":{"rendered":"<p>Czytelnia Husaria Kapliczki i krzy\u017ce przydro\u017cne<\/p>\n","protected":false},"author":3,"featured_media":1599,"parent":12,"menu_order":0,"comment_status":"closed","ping_status":"closed","template":"","meta":{"footnotes":""},"class_list":["post-1532","page","type-page","status-publish","has-post-thumbnail","hentry"],"yoast_head":"<!-- This site is optimized with the Yoast SEO plugin v25.8 - https:\/\/yoast.com\/wordpress\/plugins\/seo\/ -->\n<title>Czytelnia - Ja jestem dobrym pasterzem i znam owce moje, a moje Mnie znaj\u0105.<\/title>\n<meta name=\"robots\" content=\"index, follow, max-snippet:-1, max-image-preview:large, max-video-preview:-1\" \/>\n<link rel=\"canonical\" href=\"https:\/\/mokrzyszow.pl\/?page_id=1532\" \/>\n<meta property=\"og:locale\" content=\"pl_PL\" \/>\n<meta property=\"og:type\" content=\"article\" \/>\n<meta property=\"og:title\" content=\"Czytelnia - Ja jestem dobrym pasterzem i znam owce moje, a moje Mnie znaj\u0105.\" \/>\n<meta property=\"og:description\" content=\"Czytelnia Husaria Kapliczki i krzy\u017ce przydro\u017cne\" \/>\n<meta property=\"og:url\" content=\"https:\/\/mokrzyszow.pl\/?page_id=1532\" \/>\n<meta property=\"og:site_name\" content=\"Ja jestem dobrym pasterzem i znam owce moje, a moje Mnie znaj\u0105.\" \/>\n<meta property=\"article:publisher\" content=\"https:\/\/www.facebook.com\/Parafia-Chrystusa-Dobrego-Pasterza-Tarnobrzegu-Mokrzyszowie-1861837690609136\/\" \/>\n<meta property=\"article:modified_time\" content=\"2020-12-07T19:20:15+00:00\" \/>\n<meta property=\"og:image\" content=\"https:\/\/mokrzyszow.pl\/wp-content\/uploads\/2020\/12\/Husarz.jpg\" \/>\n\t<meta property=\"og:image:width\" content=\"1236\" \/>\n\t<meta property=\"og:image:height\" content=\"489\" \/>\n\t<meta property=\"og:image:type\" content=\"image\/jpeg\" \/>\n<meta name=\"twitter:card\" content=\"summary_large_image\" \/>\n<script type=\"application\/ld+json\" class=\"yoast-schema-graph\">{\"@context\":\"https:\/\/schema.org\",\"@graph\":[{\"@type\":\"WebPage\",\"@id\":\"https:\/\/mokrzyszow.pl\/?page_id=1532\",\"url\":\"https:\/\/mokrzyszow.pl\/?page_id=1532\",\"name\":\"Czytelnia - Ja jestem dobrym pasterzem i znam owce moje, a moje Mnie znaj\u0105.\",\"isPartOf\":{\"@id\":\"https:\/\/mokrzyszow.pl\/#website\"},\"primaryImageOfPage\":{\"@id\":\"https:\/\/mokrzyszow.pl\/?page_id=1532#primaryimage\"},\"image\":{\"@id\":\"https:\/\/mokrzyszow.pl\/?page_id=1532#primaryimage\"},\"thumbnailUrl\":\"https:\/\/mokrzyszow.pl\/wp-content\/uploads\/2020\/12\/Husarz.jpg\",\"datePublished\":\"2020-12-07T17:34:19+00:00\",\"dateModified\":\"2020-12-07T19:20:15+00:00\",\"breadcrumb\":{\"@id\":\"https:\/\/mokrzyszow.pl\/?page_id=1532#breadcrumb\"},\"inLanguage\":\"pl-PL\",\"potentialAction\":[{\"@type\":\"ReadAction\",\"target\":[\"https:\/\/mokrzyszow.pl\/?page_id=1532\"]}]},{\"@type\":\"ImageObject\",\"inLanguage\":\"pl-PL\",\"@id\":\"https:\/\/mokrzyszow.pl\/?page_id=1532#primaryimage\",\"url\":\"https:\/\/mokrzyszow.pl\/wp-content\/uploads\/2020\/12\/Husarz.jpg\",\"contentUrl\":\"https:\/\/mokrzyszow.pl\/wp-content\/uploads\/2020\/12\/Husarz.jpg\",\"width\":1236,\"height\":489},{\"@type\":\"BreadcrumbList\",\"@id\":\"https:\/\/mokrzyszow.pl\/?page_id=1532#breadcrumb\",\"itemListElement\":[{\"@type\":\"ListItem\",\"position\":1,\"name\":\"Home\",\"item\":\"https:\/\/mokrzyszow.pl\/\"},{\"@type\":\"ListItem\",\"position\":2,\"name\":\"O nas\",\"item\":\"https:\/\/mokrzyszow.pl\/?page_id=12\"},{\"@type\":\"ListItem\",\"position\":3,\"name\":\"Czytelnia\"}]},{\"@type\":\"WebSite\",\"@id\":\"https:\/\/mokrzyszow.pl\/#website\",\"url\":\"https:\/\/mokrzyszow.pl\/\",\"name\":\"Parafia Chrystusa Dobrego Pasterza\",\"description\":\"Parafia Chrystusa Dobrego Pasterza w Mokrzyszowie\",\"potentialAction\":[{\"@type\":\"SearchAction\",\"target\":{\"@type\":\"EntryPoint\",\"urlTemplate\":\"https:\/\/mokrzyszow.pl\/?s={search_term_string}\"},\"query-input\":{\"@type\":\"PropertyValueSpecification\",\"valueRequired\":true,\"valueName\":\"search_term_string\"}}],\"inLanguage\":\"pl-PL\"}]}<\/script>\n<!-- \/ Yoast SEO plugin. -->","yoast_head_json":{"title":"Czytelnia - Ja jestem dobrym pasterzem i znam owce moje, a moje Mnie znaj\u0105.","robots":{"index":"index","follow":"follow","max-snippet":"max-snippet:-1","max-image-preview":"max-image-preview:large","max-video-preview":"max-video-preview:-1"},"canonical":"https:\/\/mokrzyszow.pl\/?page_id=1532","og_locale":"pl_PL","og_type":"article","og_title":"Czytelnia - Ja jestem dobrym pasterzem i znam owce moje, a moje Mnie znaj\u0105.","og_description":"Czytelnia Husaria Kapliczki i krzy\u017ce przydro\u017cne","og_url":"https:\/\/mokrzyszow.pl\/?page_id=1532","og_site_name":"Ja jestem dobrym pasterzem i znam owce moje, a moje Mnie znaj\u0105.","article_publisher":"https:\/\/www.facebook.com\/Parafia-Chrystusa-Dobrego-Pasterza-Tarnobrzegu-Mokrzyszowie-1861837690609136\/","article_modified_time":"2020-12-07T19:20:15+00:00","og_image":[{"width":1236,"height":489,"url":"https:\/\/mokrzyszow.pl\/wp-content\/uploads\/2020\/12\/Husarz.jpg","type":"image\/jpeg"}],"twitter_card":"summary_large_image","schema":{"@context":"https:\/\/schema.org","@graph":[{"@type":"WebPage","@id":"https:\/\/mokrzyszow.pl\/?page_id=1532","url":"https:\/\/mokrzyszow.pl\/?page_id=1532","name":"Czytelnia - Ja jestem dobrym pasterzem i znam owce moje, a moje Mnie znaj\u0105.","isPartOf":{"@id":"https:\/\/mokrzyszow.pl\/#website"},"primaryImageOfPage":{"@id":"https:\/\/mokrzyszow.pl\/?page_id=1532#primaryimage"},"image":{"@id":"https:\/\/mokrzyszow.pl\/?page_id=1532#primaryimage"},"thumbnailUrl":"https:\/\/mokrzyszow.pl\/wp-content\/uploads\/2020\/12\/Husarz.jpg","datePublished":"2020-12-07T17:34:19+00:00","dateModified":"2020-12-07T19:20:15+00:00","breadcrumb":{"@id":"https:\/\/mokrzyszow.pl\/?page_id=1532#breadcrumb"},"inLanguage":"pl-PL","potentialAction":[{"@type":"ReadAction","target":["https:\/\/mokrzyszow.pl\/?page_id=1532"]}]},{"@type":"ImageObject","inLanguage":"pl-PL","@id":"https:\/\/mokrzyszow.pl\/?page_id=1532#primaryimage","url":"https:\/\/mokrzyszow.pl\/wp-content\/uploads\/2020\/12\/Husarz.jpg","contentUrl":"https:\/\/mokrzyszow.pl\/wp-content\/uploads\/2020\/12\/Husarz.jpg","width":1236,"height":489},{"@type":"BreadcrumbList","@id":"https:\/\/mokrzyszow.pl\/?page_id=1532#breadcrumb","itemListElement":[{"@type":"ListItem","position":1,"name":"Home","item":"https:\/\/mokrzyszow.pl\/"},{"@type":"ListItem","position":2,"name":"O nas","item":"https:\/\/mokrzyszow.pl\/?page_id=12"},{"@type":"ListItem","position":3,"name":"Czytelnia"}]},{"@type":"WebSite","@id":"https:\/\/mokrzyszow.pl\/#website","url":"https:\/\/mokrzyszow.pl\/","name":"Parafia Chrystusa Dobrego Pasterza","description":"Parafia Chrystusa Dobrego Pasterza w Mokrzyszowie","potentialAction":[{"@type":"SearchAction","target":{"@type":"EntryPoint","urlTemplate":"https:\/\/mokrzyszow.pl\/?s={search_term_string}"},"query-input":{"@type":"PropertyValueSpecification","valueRequired":true,"valueName":"search_term_string"}}],"inLanguage":"pl-PL"}]}},"_links":{"self":[{"href":"https:\/\/mokrzyszow.pl\/index.php?rest_route=\/wp\/v2\/pages\/1532","targetHints":{"allow":["GET"]}}],"collection":[{"href":"https:\/\/mokrzyszow.pl\/index.php?rest_route=\/wp\/v2\/pages"}],"about":[{"href":"https:\/\/mokrzyszow.pl\/index.php?rest_route=\/wp\/v2\/types\/page"}],"author":[{"embeddable":true,"href":"https:\/\/mokrzyszow.pl\/index.php?rest_route=\/wp\/v2\/users\/3"}],"replies":[{"embeddable":true,"href":"https:\/\/mokrzyszow.pl\/index.php?rest_route=%2Fwp%2Fv2%2Fcomments&post=1532"}],"version-history":[{"count":58,"href":"https:\/\/mokrzyszow.pl\/index.php?rest_route=\/wp\/v2\/pages\/1532\/revisions"}],"predecessor-version":[{"id":1743,"href":"https:\/\/mokrzyszow.pl\/index.php?rest_route=\/wp\/v2\/pages\/1532\/revisions\/1743"}],"up":[{"embeddable":true,"href":"https:\/\/mokrzyszow.pl\/index.php?rest_route=\/wp\/v2\/pages\/12"}],"wp:featuredmedia":[{"embeddable":true,"href":"https:\/\/mokrzyszow.pl\/index.php?rest_route=\/wp\/v2\/media\/1599"}],"wp:attachment":[{"href":"https:\/\/mokrzyszow.pl\/index.php?rest_route=%2Fwp%2Fv2%2Fmedia&parent=1532"}],"curies":[{"name":"wp","href":"https:\/\/api.w.org\/{rel}","templated":true}]}}