{"id":2754,"date":"2025-01-16T14:40:22","date_gmt":"2025-01-16T13:40:22","guid":{"rendered":"https:\/\/mokrzyszow.pl\/?page_id=2754"},"modified":"2025-01-16T14:48:08","modified_gmt":"2025-01-16T13:48:08","slug":"2754-2","status":"publish","type":"page","link":"https:\/\/mokrzyszow.pl\/?page_id=2754","title":{"rendered":"Standardy ochrony ma\u0142oletnich"},"content":{"rendered":"\n<p>Najwa\u017cniejsze elementy standard\u00f3w ochrony dzieci w parafii<\/p>\n\n\n\n<p>Chrystusa Dobrego Pasterza w Tarnobrzegu<\/p>\n\n\n\n<p>Standardy ochrony dzieci to zasady, kt\u00f3re maj\u0105 przyczynia\u0107 si\u0119 do tworzenia<br>bezpiecznego&nbsp;\u015brodowiska w taki spos\u00f3b, by ka\u017cde dziecko mog\u0142o si\u0119 czu\u0107 w parafii<br>dobrze, by\u0142o w niej&nbsp;akceptowane i szanowane. Standardy okre\u015blaj\u0105 r\u00f3wnie\u017c spos\u00f3b<br>reagowania na krzywd\u0119 lub&nbsp;niestosowne zachowanie w parafii lub poza ni\u0105, a tak\u017ce<br>wyznaczaj\u0105 spos\u00f3b post\u0119powania z osob\u0105&nbsp;krzywdzon\u0105 i sprawc\u0105. Ka\u017cdy osoba w<br>naszej parafii jest odpowiedzialna za tworzenie bezpiecznego \u015brodowiska:<br>ksi\u0119\u017ca,&nbsp;siostry zakonne, pracownicy, animatorzy, rodzice, dzieci i m\u0142odzie\u017c. Wszyscy<br>razem staraj\u0105 si\u0119&nbsp;wsp\u00f3\u0142pracowa\u0107 w trosce o dobro wsp\u00f3lne.<br>W parafii Chrystusa Dobrego Pasterza wyznaczona jest osoba, kt\u00f3ra ma<br>szczeg\u00f3ln\u0105 odpowiedzialno\u015b\u0107 w zakresie ochrony&nbsp;dzieci i m\u0142odzie\u017cy przed<br>krzywdzeniem:<br>Osoba zaufania: Pan Grzegorz Babiuch<br>Kontakt: Tel. +48&nbsp;799&nbsp;223 083<br>Wszystkie dzia\u0142ania powinny by\u0107 podejmowane w trosce o dzieci i m\u0142odzie\u017c,<br>zapewnia\u0107 im poczucie bezpiecze\u0144stwa oraz wspomaga\u0107 ich rozw\u00f3j.<br>W parafii organizowane s\u0105 r\u00f3\u017cne inicjatywy edukacyjne skierowane do<br>pracownik\u00f3w, animator\u00f3w, rodzic\u00f3w, dzieci i m\u0142odzie\u017cy. Szkolenia i warsztaty<br>dotycz\u0105 sposob\u00f3w tworzenia bezpiecznego \u015brodowiska, ochrony przed krzywdzeniem<br>i przeciwdzia\u0142ania r\u00f3\u017cnym formom przemocy. Niedopuszczalne jest stosowanie<br>jakiejkolwiek formy przemocy (fizycznej, psychicznej czy seksualnej) przez<br>pracownik\u00f3w parafii lub dzieci. Ka\u017cdy sygna\u0142 \u015bwiadcz\u0105cy o tym, \u017ce dziecko mo\u017ce<br>do\u015bwiadcza\u0107 przemocy ze strony osoby doros\u0142ej lub innego dziecka w parafii lub poza<br>ni\u0105, jest zawsze bardzo powa\u017cnie traktowany przez pracownik\u00f3w parafii. Ka\u017cda<br>sytuacja jest odpowiednio badana, a podejmowane dzia\u0142ania maj\u0105 na celu jak<br>najszybsze przerwanie krzywdzenia i udzielenie wsparcia osobie, kt\u00f3ra go<br>do\u015bwiadcza. Pracownicy parafii podejmuj\u0105 dzia\u0142ania wed\u0142ug zasad okre\u015blonych w<br>pe\u0142nej wersji standard\u00f3w ochrony dzieci.<br>Kiedy dzieje si\u0119 co\u015b niepokoj\u0105cego, szczeg\u00f3lnie wtedy, gdy dzieci i m\u0142odzie\u017c s\u0105<br>krzywdzeni przez innych lub s\u0105 \u015bwiadkami krzywdy innej osoby, niezw\u0142ocznie<br>powinni o sytuacji poinformowa\u0107 pracownik\u00f3w parafii\/animator\u00f3w\/osob\u0119 zaufania.<br>Szczeg\u00f3lnie wa\u017cn\u0105 cz\u0119\u015bci\u0105 standard\u00f3w s\u0105 zasady bezpiecznych relacji mi\u0119dzy<br>doros\u0142ymi a dzie\u0107mi oraz mi\u0119dzy dzie\u0107mi. Maj\u0105 one s\u0142u\u017cy\u0107 tworzeniu bezpiecznego i<br>przyjaznego \u015brodowiska w parafii. Pracownicy\/animatorzy b\u0119d\u0105 zawsze reagowa\u0107 na<br>przekraczanie i nierespektowanie przyj\u0119tych zasad.<br>Podstawow\u0105 zasad\u0105 jest r\u00f3wne traktowanie wszystkich dzieci. Godno\u015b\u0107 ka\u017cdej<br>osoby jest w naszej parafii szanowana. Jednocze\u015bnie uwzgl\u0119dnia si\u0119 wyj\u0105tkowo\u015b\u0107 i<br>indywidualno\u015b\u0107 ka\u017cdej osoby, co wymaga dostosowania metod i podej\u015bcia<br>uwzgl\u0119dniaj\u0105cego jego potrzeby i sytuacj\u0119 \u017cyciow\u0105.<\/p>\n\n\n\n<p>2<\/p>\n\n\n\n<p>Pracownicy parafii\/animatorzy powinni reagowa\u0107 na niew\u0142a\u015bciwe zachowania<br>dziecka wobec samego siebie, r\u00f3wie\u015bnik\u00f3w lub doros\u0142ych, upominaj\u0105c go i stosuj\u0105c<br>przyj\u0119te w parafii \u015brodki dyscyplinuj\u0105ce. Jest to przejaw troski os\u00f3b doros\u0142ych o<br>bezpiecze\u0144stwo i prawid\u0142owy rozw\u00f3j dzieci.<br>Troska o bezpiecze\u0144stwo i dobre relacje dotyczy r\u00f3wnie\u017c Internetu i<br>komunikacji drog\u0105 elektroniczn\u0105. Parafia dba o to, by dost\u0119p do Internetu by\u0142<br>bezpieczny, wprowadza rozwi\u0105zania ograniczaj\u0105ce mo\u017cliwo\u015b\u0107 dost\u0119pu do tre\u015bci<br>szkodliwych. Ponadto pracownicy parafii reaguj\u0105 na niebezpieczne, szkodliwe i<br>krzywdz\u0105ce sytuacje dziej\u0105ce si\u0119 w przestrzeni internetowej. Dziecko zawsze mo\u017ce<br>poprosi\u0107 o pomoc, gdy on sam lub kto\u015b inny do\u015bwiadcza krzywdzenia w sieci.&nbsp;<br>Pracownicy parafii dbaj\u0105 o ochron\u0119 wizerunku dzieci i m\u0142odzie\u017cy. Rodzice<br>decyduj\u0105, czy wyra\u017caj\u0105 zgod\u0119 na publikacj\u0119 zdj\u0119\u0107 i film\u00f3w prezentuj\u0105cych wizerunek<br>ich dzieci. Podczas r\u00f3\u017cnych wydarze\u0144 zwi\u0105zanych z \u017cyciem parafii s\u0105 robione zdj\u0119cia<br>i nagrywane filmy, kt\u00f3re mog\u0105 p\u00f3\u017aniej by\u0107 wykorzystane w mediach<br>spo\u0142eczno\u015bciowych. Mog\u0105 by\u0107 na nich obecni tylko ci, kt\u00f3rych rodzice wyrazili na to<br>zgod\u0119. Ka\u017cde dziecko w momencie wykonywania zdj\u0119\u0107 lub nagra\u0144 ma prawo<br>powiedzie\u0107, \u017ce nie chce, by jego wizerunek w materia\u0142ach z tego konkretnego<br>wydarzenia by\u0142 publikowany. Pracownicy szanuj\u0105 decyzj\u0119 dziecka. Powy\u017csza zasada<br>nie dotyczy sytuacji, kiedy wizerunek osoby stanowi jedynie szczeg\u00f3\u0142 ca\u0142o\u015bci, takiej<br>jak zgromadzenie, krajobraz lub impreza publiczna.<br>Dzieci i m\u0142odzie\u017c powinny szanowa\u0107 prawo do prywatno\u015bci r\u00f3wie\u015bnik\u00f3w oraz<br>doros\u0142ych, dlatego nie mog\u0105 publikowa\u0107 w przestrzeni internetowej i w swoich<br>mediach spo\u0142eczno\u015bciowych wizerunku innych os\u00f3b bez jej wiedzy i zgody.<\/p>\n\n\n\n<ol class=\"wp-block-list\">\n<li>Zasady bezpiecznych relacji pracownik\u00f3w parafii z dzie\u0107mi<\/li>\n\n\n\n<li>W standardach ochrony dzieci znajduje si\u0119 szczeg\u00f3\u0142owy kodeks zachowa\u0144, kt\u00f3ry<br>powinien by\u0107 respektowany przez wszystkich pracownik\u00f3w parafii. Poni\u017cej<br>zamieszczamy streszczenie najwa\u017cniejszych zasad obowi\u0105zuj\u0105cych osoby doros\u0142e<br>pracuj\u0105ce w parafii:<br>\u2013 Pracownicy parafii podejmuj\u0105 dzia\u0142ania dla dobra dzieci i w ich najlepszym<br>interesie.<br>\u2013 Ka\u017cde dziecko jest traktowane z szacunkiem, uwzgl\u0119dnia si\u0119 jego godno\u015b\u0107,<br>prawo do prywatno\u015bci, a tak\u017ce indywidualne potrzeby, zdolno\u015bci i sytuacj\u0119<br>\u017cyciow\u0105.<br>\u2013 Indywidualne podej\u015bcie nie mo\u017ce oznacza\u0107 niesprawiedliwego faworyzowania<br>wybranego dziecka.<br>\u2013 Pracownicy dbaj\u0105 o tworzenie odpowiednich relacji z dzie\u0107mi, w\u0142a\u015bciwych dla<br>os\u00f3b doros\u0142ych, opartych na szacunku, zaufaniu i respektowaniu odpowiednich<br>granic w komunikacji i kontakcie fizycznym.<br>\u2013 Niedopuszczalne jest stosowanie przemocy w jakiejkolwiek formie.<br>\u2013 Niedopuszczalne jest nawi\u0105zywanie z dzie\u0107mi i m\u0142odzie\u017c\u0105 jakichkolwiek relacji<br>o charakterze seksualnym czy romantycznym.<br>\u2013 Niedopuszczalne jest utrwalanie wizerunku dzieci dla cel\u00f3w prywatnych.<\/li>\n<\/ol>\n\n\n\n<p>3<\/p>\n\n\n\n<p>\u2013 Ka\u017cdy kontakt z dzie\u0107mi jest jawny i wynika z realizacji zada\u0144 i dzia\u0142a\u0144<br>prowadzonych na rzecz parafii. Pracownicy nie mog\u0105 utrzymywa\u0107 relacji<br>prywatnych z dzie\u0107mi (poza sytuacjami, gdy kontakty poza parafi\u0105 wynikaj\u0105 z<br>innych przyczyn \u2013 np. pracownik jest cz\u0142onkiem rodziny b\u0105d\u017a znajomym rodziny<br>dziecka).<br>\u2013 W sytuacji, gdy doro\u015bli nie stosuj\u0105 si\u0119 do przyj\u0119tych zasad, \u015bwiadek takiego<br>zachowania mo\u017ce zg\u0142osi\u0107 spraw\u0119 do osoby przyjmuj\u0105cej zg\u0142oszenia, innego<br>pracownika parafii, kt\u00f3rego darzy zaufaniem, lub bezpo\u015brednio do proboszcza.<br>ZASADY BEZPIECZNYCH RELACJI POMI\u0118DZY MA\u0141OLETNIMI<br>Parafia p.w. Chrystusa Dobrego Pasterza jest miejscem zapewniaj\u0105cym<br>bezpiecze\u0144stwo dzieciom tak\u017ce w grupie r\u00f3wie\u015bniczej. Kieruj\u0105c si\u0119 warto\u015bciami<br>wyp\u0142ywaj\u0105cymi z Ewangelii, staramy si\u0119 wpoi\u0107 naszym parafianom postaw\u0119 szacunku<br>wobec ka\u017cdego cz\u0142owieka \u2013 dzieci i doros\u0142ych. Pragniemy, by w relacjach mi\u0119dzyludzkich<br>bliska by\u0142a im ewangeliczna zasada: \u201eWszystko wi\u0119c, co chcieliby\u015bcie, \u017ceby wam ludzie<br>czynili, i wy im czy\u0144cie\u201d (Mt 7,12a).<br>Zasady bezpiecznych relacji mi\u0119dzy ma\u0142oletnimi poznali wszyscy pracownicy i<br>wsp\u00f3\u0142pracownicy parafii, dzi\u0119ki czemu mog\u0105 oni umiej\u0119tnie i adekwatnie do zaistnia\u0142ej<br>sytuacji reagowa\u0107 na ka\u017cde niew\u0142a\u015bciwe zachowanie czy przemoc. R\u00f3wnie\u017c ma\u0142oletni<br>powinni przestrzega\u0107 poni\u017cszego kodeksu w szkole i poza ni\u0105, w kontakcie bezpo\u015brednim i<br>wirtualnym.<br>Kodeks zachowa\u0144 zosta\u0142 opracowany z udzia\u0142em dzieci i m\u0142odzie\u017cy. Ewaluacja i<br>weryfikacja zasad bezpiecznych relacji pomi\u0119dzy dzie\u0107mi odbywa\u0107 si\u0119 b\u0119dzie co dwa lata, a<br>tak\u017ce po ka\u017cdej sytuacji kryzysowej, je\u015bli w parafii podj\u0119ta zostanie interwencja z powodu<br>krzywdzenia r\u00f3wie\u015bniczego. Zmiana tre\u015bci zasad bezpiecznych relacji mi\u0119dzy dzie\u0107mi jest<br>mo\u017cliwa w ka\u017cdym momencie na ich wniosek i z ich udzia\u0142em.<\/p>\n\n\n\n<ol class=\"wp-block-list\">\n<li>R\u00d3WNE TRAKTOWANIE I SZACUNEK DLA KA\u017bDEJ OSOBY:<\/li>\n<\/ol>\n\n\n\n<ul class=\"wp-block-list\">\n<li>Traktuj innych tak, jak chcesz, aby inni traktowali Ciebie.<\/li>\n\n\n\n<li>Pami\u0119taj, \u017ce ka\u017cda osoba jest kim\u015b wyj\u0105tkowym i szczeg\u00f3lnie obdarowanym przez Boga.<br>Nale\u017c\u0105 si\u0119 jej szacunek i troska o jej dobro.<\/li>\n\n\n\n<li>B\u0105d\u017a tolerancyjny \u2013 szanuj odmienny wygl\u0105d, przekonania, pogl\u0105dy i cechy<br>kole\u017canek\/koleg\u00f3w.<\/li>\n\n\n\n<li>Pami\u0119taj, \u017ce przez r\u00f3\u017cnorodno\u015b\u0107 wzajemnie si\u0119 ubogacamy.<\/li>\n\n\n\n<li>Masz prawo do zabawy i relacji z ka\u017cdym dzieckiem, ale pami\u0119taj, \u017ce nie zawsze inne<br>dziecko ma ch\u0119\u0107 do kontaktu z Tob\u0105 w danym momencie. Uszanuj to.<\/li>\n\n\n\n<li>Zachowaj otwarto\u015b\u0107 i b\u0105d\u017a wra\u017cliwy na wszystkie osoby, nawet je\u015bli nie nale\u017c\u0105 do grona<br>Twoich najbli\u017cszych przyjaci\u00f3\u0142. Nie wykluczaj ich ze wsp\u00f3lnych dzia\u0142a\u0144, rozm\u00f3w i<br>szkolnych aktywno\u015bci.<\/li>\n<\/ul>\n\n\n\n<ol class=\"wp-block-list\">\n<li>ZASADY KOMUNIKACJI MI\u0118DZY MA\u0141OLETNIMI:<\/li>\n<\/ol>\n\n\n\n<ul class=\"wp-block-list\">\n<li>Zachowuj \u017cyczliwo\u015b\u0107 i szacunek wobec kole\u017canek\/koleg\u00f3w.<\/li>\n<\/ul>\n\n\n\n<p>4<\/p>\n\n\n\n<ul class=\"wp-block-list\">\n<li>Pami\u0119taj, \u017ce ka\u017cdy ma prawo do wyra\u017cania swojego zdania, my\u015bli i przekona\u0144, o ile nie<br>naruszaj\u0105 one dobra innych os\u00f3b.<\/li>\n\n\n\n<li>S\u0142uchaj innych, gdy m\u00f3wi\u0105. Nie przerywaj innym, gdy si\u0119 wypowiadaj\u0105.<\/li>\n\n\n\n<li>Zachowuj kultur\u0119 s\u0142owa w ka\u017cdej sytuacji.<\/li>\n\n\n\n<li>Stosuj formy grzeczno\u015bciowe.<\/li>\n\n\n\n<li>Pytaj o zgod\u0119 na kontakt fizyczny (przytulenie, pog\u0142askanie).<\/li>\n<\/ul>\n\n\n\n<ol class=\"wp-block-list\">\n<li>SZACUNEK DLA CUDZEJ W\u0141ASNO\u015aCI, PRYWATNO\u015aCI I<br>PRZESTRZENI:<\/li>\n<\/ol>\n\n\n\n<ul class=\"wp-block-list\">\n<li>Szanuj rzeczy osobiste i mienie innych os\u00f3b.<\/li>\n\n\n\n<li>Zapytaj, je\u015bli chcesz po\u017cyczy\u0107 od kogo\u015b jak\u0105\u015b rzecz.<\/li>\n\n\n\n<li>Nie przegl\u0105daj prywatnych rzeczy innych os\u00f3b bez ich zgody. Ka\u017cdy ma prawo do<br>prywatno\u015bci.<\/li>\n\n\n\n<li>Nie r\u00f3b zdj\u0119\u0107, nie nagrywaj ani nie rozpowszechniaj wizerunku koleg\u00f3w\/kole\u017canek i<br>innych os\u00f3b bez ich wyra\u017anej zgody.<\/li>\n\n\n\n<li>Pami\u0119taj, \u017ce ka\u017cdy ma prawo do przestrzeni osobistej. Je\u015bli inna osoba potrzebuje chwili<br>samotno\u015bci, uszanuj to. Naruszanie tej przestrzeni mo\u017ce rodzi\u0107 konflikty.<\/li>\n<\/ul>\n\n\n\n<ol class=\"wp-block-list\">\n<li>ZAKAZ STOSOWANIA PRZEMOCY W JAKIEJKOLWIEK FORMIE:<\/li>\n<\/ol>\n\n\n\n<ul class=\"wp-block-list\">\n<li>Nie stwarzaj sytuacji, w kt\u00f3rych kto\u015b czu\u0142by si\u0119 celowo pomijany, izolowany.<\/li>\n\n\n\n<li>Nie stosuj przemocy fizycznej. Szturchanie, popychanie, kopanie czy si\u0142owe<br>przytrzymywanie kolegi\/kole\u017canki naruszaj\u0105 jego\/jej integralno\u015b\u0107 fizyczn\u0105.<\/li>\n\n\n\n<li>Szanuj przestrze\u0144 intymn\u0105 koleg\u00f3w\/kole\u017canek. Nigdy nie dotykaj ich w spos\u00f3b, kt\u00f3ry<br>mo\u017ce by\u0107 uznany za nieprzyzwoity lub niestosowny.<\/li>\n\n\n\n<li>Nie wy\u015bmiewaj, nie obgaduj, nie o\u015bmieszaj, nie zawstydzaj, nie upokarzaj, nie lekcewa\u017c i<br>obra\u017caj koleg\u00f3w\/kole\u017canek.<\/li>\n\n\n\n<li>Nie wypowiadaj si\u0119 w spos\u00f3b obra\u017aliwy o rodzicach koleg\u00f3w\/kole\u017canek.<\/li>\n\n\n\n<li>Nie zwracaj si\u0119 w spos\u00f3b wulgarny do innych.<\/li>\n\n\n\n<li>Pami\u0119taj, \u017ce \u017carty s\u0105 wtedy \u017cartami, kiedy nikt z ich powodu nie cierpi. Je\u015bli tak jest,<br>natychmiast zako\u0144cz tak\u0105 zabaw\u0119 s\u0142own\u0105.<\/li>\n\n\n\n<li>Nie nara\u017caj siebie i innych uczni\u00f3w na sytuacje zagra\u017caj\u0105ce \u017cyciu i zdrowiu tak<br>fizycznemu, jak i psychicznemu.<\/li>\n\n\n\n<li>Nie wyra\u017caj negatywnych, prze\u015bmiewczych komentarzy na temat zachowania, pracy,<br>wygl\u0105du koleg\u00f3w\/kole\u017canek.<\/li>\n\n\n\n<li>Nie zabieraj rzeczy nale\u017c\u0105cych do innych bez ich zgody.<\/li>\n<\/ul>\n\n\n\n<ol class=\"wp-block-list\">\n<li>SZACUNEK W KONTAKTACH INTERNETOWYCH I ZAKAZ<br>CYBERPRZEMOCY:<\/li>\n<\/ol>\n\n\n\n<ul class=\"wp-block-list\">\n<li>Szanuj innych i traktuj ich tak, jak chcesz, by traktowali Ciebie \u2013 dotyczy to wszystkich<br>typ\u00f3w Twojej aktywno\u015bci w sieci. Po drugiej stronie ekranu jest drugi cz\u0142owiek.<\/li>\n<\/ul>\n\n\n\n<p>5<\/p>\n\n\n\n<ul class=\"wp-block-list\">\n<li>Pami\u0119taj, \u017ce cyberprzemoc cz\u0119sto zaczyna si\u0119 od tzw. \u201eniewinnych \u017cart\u00f3w\u201d. Nie ka\u017cdy ma<br>takie samo poczucie humoru. Uwa\u017caj na to, co piszesz i co publikujesz, w Internecie nic nie<br>ginie. W \u015bwiecie wirtualnym \u0142atwo poruszy\u0107 lawin\u0119 wzajemnych niech\u0119ci, co mo\u017ce<br>doprowadzi\u0107 do konkretnej formy przemocy.<\/li>\n\n\n\n<li>Nie udost\u0119pniaj kontakt\u00f3w do innych os\u00f3b (telefonicznych, mailowych) bez ich zgody.<\/li>\n\n\n\n<li>Dbaj o sw\u00f3j oraz innych wizerunek w sieci \u2013 nie publikuj wra\u017cliwych danych,<br>powierzonych ci informacji oraz zdj\u0119\u0107 i film\u00f3w o\u015bmieszaj\u0105cych innych. Szanuj ich<br>prywatno\u015b\u0107.<\/li>\n\n\n\n<li>Chro\u0144 intymno\u015b\u0107 swoj\u0105 i innych. Nie wysy\u0142aj i nie udost\u0119pniaj zdj\u0119\u0107 lub film\u00f3w, kt\u00f3re by<br>j\u0105 narusza\u0142y.<\/li>\n\n\n\n<li>Sprzeciwiaj si\u0119 hejtowi, sam nie publikuj obra\u017caj\u0105cych i agresywnych komentarzy oraz<br>reaguj, gdy zauwa\u017cysz, \u017ce kto\u015b jest poni\u017cany w Internecie. Nie przesy\u0142aj dalej<br>o\u015bmieszaj\u0105cych wiadomo\u015bci. Zg\u0142o\u015b takie dzia\u0142ania odpowiednim osobom.<\/li>\n\n\n\n<li>Nie prowokuj innych do niepotrzebnych, nieuzasadnionych k\u0142\u00f3tni. Trolling, \u015bwiadome<br>poni\u017canie, n\u0119kanie i zaczepki s\u0105 zachowaniami niedopuszczalnymi.<\/li>\n\n\n\n<li>Nie wykluczaj swoich r\u00f3wie\u015bnik\u00f3w z grup w mediach spo\u0142eczno\u015bciowych z powodu<br>swoich prywatnych niech\u0119ci.<\/li>\n\n\n\n<li>Nie podszywaj si\u0119 w Internecie pod inne osoby. Takie zachowanie w cyberprzestrzeni jest<br>kradzie\u017c\u0105 to\u017csamo\u015bci. To jest przest\u0119pstwo.<\/li>\n\n\n\n<li>Je\u017celi zauwa\u017cysz, \u017ce kto\u015b nie wylogowa\u0142 si\u0119 ze swojego konta, nie wykorzystuj tej sytuacji<br>do dzia\u0142a\u0144, kt\u00f3re przynios\u0142yby mu szkod\u0119, ale \u017cyczliwie poinformuj go o jego nieuwadze.<\/li>\n\n\n\n<li>Pami\u0119taj, \u017ce gro\u017aby, pom\u00f3wienia, nawo\u0142ywanie do nienawi\u015bci, prze\u015bladowanie,<br>o\u015bmieszanie w cyberprzestrzeni tak\u017ce s\u0105 karalne. Twoje dzia\u0142ania w sieci nie s\u0105 anonimowe.<\/li>\n<\/ul>\n\n\n\n<ol class=\"wp-block-list\">\n<li>SPOSOBY POKOJOWEGO ROZWI\u0104ZYWANIA KONFLIKT\u00d3W:<\/li>\n<\/ol>\n\n\n\n<ul class=\"wp-block-list\">\n<li>Wycisz si\u0119, uspok\u00f3j, zatrzymaj niepotrzebn\u0105 k\u0142\u00f3tni\u0119, zanim stracisz nad sob\u0105 kontrol\u0119.<br>Zastan\u00f3w si\u0119, co chcesz osi\u0105gn\u0105\u0107. Je\u015bli to mo\u017cliwe, podejmij spokojn\u0105 rozmow\u0119 z drug\u0105<br>stron\u0105.<\/li>\n\n\n\n<li>Um\u00f3w si\u0119 na rozmow\u0119 w bardziej stosownych warunkach, w ten spos\u00f3b zyskasz czas na<br>konstruktywny dialog.<\/li>\n\n\n\n<li>Powiedz, co wed\u0142ug Ciebie jest problemem, co przyczyn\u0105 nieporozumienia, czego<br>oczekujesz.<\/li>\n\n\n\n<li>S\u0142uchaj drugiej osoby. Dopytaj o jej odczucia i oczekiwania. Podsumuj to, co<br>us\u0142ysza\u0142a\u015b\/us\u0142ysza\u0142e\u015b dla upewnienia si\u0119, czy dobrze zrozumia\u0142e\u015b\/zrozumia\u0142a\u015b jej komunikat.<\/li>\n\n\n\n<li>Upewnij si\u0119, \u017ce Tw\u00f3j rozm\u00f3wca powiedzia\u0142 wszystko odno\u015bnie do swoich odczu\u0107.<\/li>\n\n\n\n<li>Wsp\u00f3lnie wymy\u015blcie rozwi\u0105zanie satysfakcjonuj\u0105ce obie strony.<\/li>\n\n\n\n<li>Je\u015bli nie uda si\u0119 Wam doj\u015b\u0107 do porozumienia, popro\u015b o pomoc osob\u0119 doros\u0142\u0105, aktualnego<br>opiekuna grupy. Porozmawiaj o tym z Twoimi rodzicami. Nie rozwi\u0105zuj konfliktu<br>samodzielnie.<\/li>\n\n\n\n<li>Nie b\u0105d\u017a oboj\u0119tny, gdy komu\u015b dzieje si\u0119 krzywda. Zawsze poinformuj o tym osob\u0119<br>doros\u0142\u0105.<\/li>\n<\/ul>\n\n\n\n<div class=\"wp-block-file\"><a id=\"wp-block-file--media-1bc31756-3c56-4b0b-bf25-2362b17023c8\" href=\"https:\/\/mokrzyszow.pl\/wp-content\/uploads\/2025\/01\/kamilek-zasady-wsrod-dzieci.docx\">Plik do pobrania &#8211; Standardy ochrony ma\u0142oletnich<\/a><a href=\"https:\/\/mokrzyszow.pl\/wp-content\/uploads\/2025\/01\/kamilek-zasady-wsrod-dzieci.docx\" class=\"wp-block-file__button wp-element-button\" download aria-describedby=\"wp-block-file--media-1bc31756-3c56-4b0b-bf25-2362b17023c8\">Pobierz<\/a><\/div>\n","protected":false},"excerpt":{"rendered":"<p>Najwa\u017cniejsze elementy standard\u00f3w ochrony dzieci w parafii Chrystusa Dobrego Pasterza w Tarnobrzegu Standardy ochrony dzieci to zasady, kt\u00f3re maj\u0105 przyczynia\u0107 si\u0119 do tworzeniabezpiecznego&nbsp;\u015brodowiska w taki spos\u00f3b, by ka\u017cde dziecko mog\u0142o si\u0119 czu\u0107 w parafiidobrze, by\u0142o w niej&nbsp;akceptowane i szanowane. Standardy okre\u015blaj\u0105 r\u00f3wnie\u017c spos\u00f3breagowania na krzywd\u0119 lub&nbsp;niestosowne zachowanie w parafii lub [&hellip;]<\/p>\n","protected":false},"author":3,"featured_media":0,"parent":0,"menu_order":0,"comment_status":"closed","ping_status":"closed","template":"","meta":{"footnotes":""},"class_list":["post-2754","page","type-page","status-publish","hentry"],"yoast_head":"<!-- This site is optimized with the Yoast SEO plugin v25.8 - https:\/\/yoast.com\/wordpress\/plugins\/seo\/ -->\n<title>Standardy ochrony ma\u0142oletnich - Ja jestem dobrym pasterzem i znam owce moje, a moje Mnie znaj\u0105.<\/title>\n<meta name=\"robots\" content=\"index, follow, max-snippet:-1, max-image-preview:large, max-video-preview:-1\" \/>\n<link rel=\"canonical\" href=\"https:\/\/mokrzyszow.pl\/?page_id=2754\" \/>\n<meta property=\"og:locale\" content=\"pl_PL\" \/>\n<meta property=\"og:type\" content=\"article\" \/>\n<meta property=\"og:title\" content=\"Standardy ochrony ma\u0142oletnich - Ja jestem dobrym pasterzem i znam owce moje, a moje Mnie znaj\u0105.\" \/>\n<meta property=\"og:description\" content=\"Najwa\u017cniejsze elementy standard\u00f3w ochrony dzieci w parafii Chrystusa Dobrego Pasterza w Tarnobrzegu Standardy ochrony dzieci to zasady, kt\u00f3re maj\u0105 przyczynia\u0107 si\u0119 do tworzeniabezpiecznego&nbsp;\u015brodowiska w taki spos\u00f3b, by ka\u017cde dziecko mog\u0142o si\u0119 czu\u0107 w parafiidobrze, by\u0142o w niej&nbsp;akceptowane i szanowane. Standardy okre\u015blaj\u0105 r\u00f3wnie\u017c spos\u00f3breagowania na krzywd\u0119 lub&nbsp;niestosowne zachowanie w parafii lub [&hellip;]\" \/>\n<meta property=\"og:url\" content=\"https:\/\/mokrzyszow.pl\/?page_id=2754\" \/>\n<meta property=\"og:site_name\" content=\"Ja jestem dobrym pasterzem i znam owce moje, a moje Mnie znaj\u0105.\" \/>\n<meta property=\"article:publisher\" content=\"https:\/\/www.facebook.com\/Parafia-Chrystusa-Dobrego-Pasterza-Tarnobrzegu-Mokrzyszowie-1861837690609136\/\" \/>\n<meta property=\"article:modified_time\" content=\"2025-01-16T13:48:08+00:00\" \/>\n<meta name=\"twitter:card\" content=\"summary_large_image\" \/>\n<meta name=\"twitter:label1\" content=\"Szacowany czas czytania\" \/>\n\t<meta name=\"twitter:data1\" content=\"11 minut\" \/>\n<script type=\"application\/ld+json\" class=\"yoast-schema-graph\">{\"@context\":\"https:\/\/schema.org\",\"@graph\":[{\"@type\":\"WebPage\",\"@id\":\"https:\/\/mokrzyszow.pl\/?page_id=2754\",\"url\":\"https:\/\/mokrzyszow.pl\/?page_id=2754\",\"name\":\"Standardy ochrony ma\u0142oletnich - Ja jestem dobrym pasterzem i znam owce moje, a moje Mnie znaj\u0105.\",\"isPartOf\":{\"@id\":\"https:\/\/mokrzyszow.pl\/#website\"},\"datePublished\":\"2025-01-16T13:40:22+00:00\",\"dateModified\":\"2025-01-16T13:48:08+00:00\",\"breadcrumb\":{\"@id\":\"https:\/\/mokrzyszow.pl\/?page_id=2754#breadcrumb\"},\"inLanguage\":\"pl-PL\",\"potentialAction\":[{\"@type\":\"ReadAction\",\"target\":[\"https:\/\/mokrzyszow.pl\/?page_id=2754\"]}]},{\"@type\":\"BreadcrumbList\",\"@id\":\"https:\/\/mokrzyszow.pl\/?page_id=2754#breadcrumb\",\"itemListElement\":[{\"@type\":\"ListItem\",\"position\":1,\"name\":\"Home\",\"item\":\"https:\/\/mokrzyszow.pl\/\"},{\"@type\":\"ListItem\",\"position\":2,\"name\":\"Standardy ochrony ma\u0142oletnich\"}]},{\"@type\":\"WebSite\",\"@id\":\"https:\/\/mokrzyszow.pl\/#website\",\"url\":\"https:\/\/mokrzyszow.pl\/\",\"name\":\"Parafia Chrystusa Dobrego Pasterza\",\"description\":\"Parafia Chrystusa Dobrego Pasterza w Mokrzyszowie\",\"potentialAction\":[{\"@type\":\"SearchAction\",\"target\":{\"@type\":\"EntryPoint\",\"urlTemplate\":\"https:\/\/mokrzyszow.pl\/?s={search_term_string}\"},\"query-input\":{\"@type\":\"PropertyValueSpecification\",\"valueRequired\":true,\"valueName\":\"search_term_string\"}}],\"inLanguage\":\"pl-PL\"}]}<\/script>\n<!-- \/ Yoast SEO plugin. -->","yoast_head_json":{"title":"Standardy ochrony ma\u0142oletnich - Ja jestem dobrym pasterzem i znam owce moje, a moje Mnie znaj\u0105.","robots":{"index":"index","follow":"follow","max-snippet":"max-snippet:-1","max-image-preview":"max-image-preview:large","max-video-preview":"max-video-preview:-1"},"canonical":"https:\/\/mokrzyszow.pl\/?page_id=2754","og_locale":"pl_PL","og_type":"article","og_title":"Standardy ochrony ma\u0142oletnich - Ja jestem dobrym pasterzem i znam owce moje, a moje Mnie znaj\u0105.","og_description":"Najwa\u017cniejsze elementy standard\u00f3w ochrony dzieci w parafii Chrystusa Dobrego Pasterza w Tarnobrzegu Standardy ochrony dzieci to zasady, kt\u00f3re maj\u0105 przyczynia\u0107 si\u0119 do tworzeniabezpiecznego&nbsp;\u015brodowiska w taki spos\u00f3b, by ka\u017cde dziecko mog\u0142o si\u0119 czu\u0107 w parafiidobrze, by\u0142o w niej&nbsp;akceptowane i szanowane. Standardy okre\u015blaj\u0105 r\u00f3wnie\u017c spos\u00f3breagowania na krzywd\u0119 lub&nbsp;niestosowne zachowanie w parafii lub [&hellip;]","og_url":"https:\/\/mokrzyszow.pl\/?page_id=2754","og_site_name":"Ja jestem dobrym pasterzem i znam owce moje, a moje Mnie znaj\u0105.","article_publisher":"https:\/\/www.facebook.com\/Parafia-Chrystusa-Dobrego-Pasterza-Tarnobrzegu-Mokrzyszowie-1861837690609136\/","article_modified_time":"2025-01-16T13:48:08+00:00","twitter_card":"summary_large_image","twitter_misc":{"Szacowany czas czytania":"11 minut"},"schema":{"@context":"https:\/\/schema.org","@graph":[{"@type":"WebPage","@id":"https:\/\/mokrzyszow.pl\/?page_id=2754","url":"https:\/\/mokrzyszow.pl\/?page_id=2754","name":"Standardy ochrony ma\u0142oletnich - Ja jestem dobrym pasterzem i znam owce moje, a moje Mnie znaj\u0105.","isPartOf":{"@id":"https:\/\/mokrzyszow.pl\/#website"},"datePublished":"2025-01-16T13:40:22+00:00","dateModified":"2025-01-16T13:48:08+00:00","breadcrumb":{"@id":"https:\/\/mokrzyszow.pl\/?page_id=2754#breadcrumb"},"inLanguage":"pl-PL","potentialAction":[{"@type":"ReadAction","target":["https:\/\/mokrzyszow.pl\/?page_id=2754"]}]},{"@type":"BreadcrumbList","@id":"https:\/\/mokrzyszow.pl\/?page_id=2754#breadcrumb","itemListElement":[{"@type":"ListItem","position":1,"name":"Home","item":"https:\/\/mokrzyszow.pl\/"},{"@type":"ListItem","position":2,"name":"Standardy ochrony ma\u0142oletnich"}]},{"@type":"WebSite","@id":"https:\/\/mokrzyszow.pl\/#website","url":"https:\/\/mokrzyszow.pl\/","name":"Parafia Chrystusa Dobrego Pasterza","description":"Parafia Chrystusa Dobrego Pasterza w Mokrzyszowie","potentialAction":[{"@type":"SearchAction","target":{"@type":"EntryPoint","urlTemplate":"https:\/\/mokrzyszow.pl\/?s={search_term_string}"},"query-input":{"@type":"PropertyValueSpecification","valueRequired":true,"valueName":"search_term_string"}}],"inLanguage":"pl-PL"}]}},"_links":{"self":[{"href":"https:\/\/mokrzyszow.pl\/index.php?rest_route=\/wp\/v2\/pages\/2754","targetHints":{"allow":["GET"]}}],"collection":[{"href":"https:\/\/mokrzyszow.pl\/index.php?rest_route=\/wp\/v2\/pages"}],"about":[{"href":"https:\/\/mokrzyszow.pl\/index.php?rest_route=\/wp\/v2\/types\/page"}],"author":[{"embeddable":true,"href":"https:\/\/mokrzyszow.pl\/index.php?rest_route=\/wp\/v2\/users\/3"}],"replies":[{"embeddable":true,"href":"https:\/\/mokrzyszow.pl\/index.php?rest_route=%2Fwp%2Fv2%2Fcomments&post=2754"}],"version-history":[{"count":5,"href":"https:\/\/mokrzyszow.pl\/index.php?rest_route=\/wp\/v2\/pages\/2754\/revisions"}],"predecessor-version":[{"id":2762,"href":"https:\/\/mokrzyszow.pl\/index.php?rest_route=\/wp\/v2\/pages\/2754\/revisions\/2762"}],"wp:attachment":[{"href":"https:\/\/mokrzyszow.pl\/index.php?rest_route=%2Fwp%2Fv2%2Fmedia&parent=2754"}],"curies":[{"name":"wp","href":"https:\/\/api.w.org\/{rel}","templated":true}]}}